{"id":413,"date":"2021-09-07T14:52:15","date_gmt":"2021-09-07T11:52:15","guid":{"rendered":"https:\/\/www.anjagrupp.cy\/home\/"},"modified":"2021-12-13T16:32:47","modified_gmt":"2021-12-13T13:32:47","slug":"home","status":"publish","type":"page","link":"https:\/\/www.anjagrupp.cy\/de\/","title":{"rendered":"Home"},"content":{"rendered":"<div class=\"wpb-content-wrapper\"><p>[vc_row css_animation=&#8220;&#8220; row_type=&#8220;row&#8220; use_row_as_full_screen_section=&#8220;no&#8220; type=&#8220;full_width&#8220; angled_section=&#8220;no&#8220; text_align=&#8220;left&#8220; background_image_as_pattern=&#8220;without_pattern&#8220;][vc_column][rev_slider_vc alias=&#8220;slider-2&#8243;][\/vc_column][\/vc_row][vc_row css_animation=&#8220;&#8220; row_type=&#8220;row&#8220; use_row_as_full_screen_section=&#8220;no&#8220; type=&#8220;grid&#8220; angled_section=&#8220;no&#8220; text_align=&#8220;left&#8220; background_image_as_pattern=&#8220;without_pattern&#8220; css=&#8220;.vc_custom_1510587206969{padding-top: 110px !important;padding-bottom: 100px !important;background-color: #000000 !important;}&#8220; z_index=&#8220;&#8220;][vc_column css=&#8220;.vc_custom_1510584055577{margin-top: -11px !important;}&#8220; offset=&#8220;vc_col-lg-3&#8243;][qode_elements_holder number_of_columns=&#8220;one_column&#8220;][qode_elements_holder_item advanced_animations=&#8220;no&#8220; item_padding=&#8220;0px 0px 0px 17%&#8220; item_padding_1280_1440=&#8220;0px&#8220; item_padding_1024_1280=&#8220;0px&#8220; item_padding_768_1024=&#8220;0px 0px 40px 54%&#8220; item_padding_600_768=&#8220;0px 0px 40px 26%&#8220; item_padding_480_600=&#8220;0px&#8220; item_padding_480=&#8220;0px&#8220;][vc_column_text]<\/p>\n<h2 style=\"text-align: right;\"><span style=\"color: #ffffff;\">\u00d6ffnungszeiten<\/span><\/h2>\n<p>[\/vc_column_text][vc_separator type=&#8220;small&#8220; position=&#8220;right&#8220; color=&#8220;#ffffff&#8220; thickness=&#8220;5&#8243; width=&#8220;80&#8243; up=&#8220;19&#8243;][\/qode_elements_holder_item][\/qode_elements_holder][\/vc_column][vc_column width=&#8220;1\/12&#8243;][\/vc_column][vc_column offset=&#8220;vc_col-lg-8&#8243;][vc_row_inner row_type=&#8220;row&#8220; type=&#8220;full_width&#8220; text_align=&#8220;left&#8220; css_animation=&#8220;&#8220;][vc_column_inner width=&#8220;1\/2&#8243; offset=&#8220;vc_col-xs-12&#8243;][vc_column_text]<\/p>\n<h3 style=\"text-align: left;\"><span style=\"color: #ffffff;\">Montag:<\/span><\/h3>\n<p>[\/vc_column_text][\/vc_column_inner][vc_column_inner width=&#8220;1\/2&#8243; offset=&#8220;vc_col-xs-12&#8243;][vc_column_text]<\/p>\n<h3 style=\"text-align: right;\"><span style=\"color: #ffffff;\">9:00 &gt; 13:00<\/span><\/h3>\n<h3 style=\"text-align: right;\"><span style=\"color: #ffffff;\">15:00 &gt; 19:00<\/span><\/h3>\n<p>[\/vc_column_text][\/vc_column_inner][\/vc_row_inner][vc_separator type=&#8220;normal&#8220; color=&#8220;rgba(255,255,255,0.6)&#8220; thickness=&#8220;1&#8243; up=&#8220;15&#8243; down=&#8220;15&#8243;][vc_row_inner row_type=&#8220;row&#8220; type=&#8220;full_width&#8220; text_align=&#8220;left&#8220; css_animation=&#8220;&#8220;][vc_column_inner width=&#8220;1\/2&#8243;][vc_column_text]<\/p>\n<h3 style=\"text-align: left;\"><span style=\"color: #ffffff;\">Dienstag:<\/span><\/h3>\n<p>[\/vc_column_text][\/vc_column_inner][vc_column_inner width=&#8220;1\/2&#8243;][vc_column_text]<\/p>\n<h3 style=\"text-align: right;\"><span style=\"color: #ffffff;\">9:00 &gt; 13:00<\/span><\/h3>\n<h3 style=\"text-align: right;\"><span style=\"color: #ffffff;\">15:00 &gt; 19:00<\/span><\/h3>\n<p>[\/vc_column_text][\/vc_column_inner][\/vc_row_inner][vc_separator type=&#8220;normal&#8220; color=&#8220;rgba(255,255,255,0.6)&#8220; thickness=&#8220;1&#8243; up=&#8220;15&#8243; down=&#8220;15&#8243;][vc_row_inner row_type=&#8220;row&#8220; type=&#8220;full_width&#8220; text_align=&#8220;left&#8220; css_animation=&#8220;&#8220;][vc_column_inner width=&#8220;1\/2&#8243;][vc_column_text]<\/p>\n<h3 style=\"text-align: left;\"><span style=\"color: #ffffff;\">Mittwoch:<\/span><\/h3>\n<p>[\/vc_column_text][\/vc_column_inner][vc_column_inner width=&#8220;1\/2&#8243;][vc_column_text]<\/p>\n<h3 style=\"text-align: right;\"><span style=\"color: #ffffff;\">9:00 &gt; 13:00<\/span><\/h3>\n<h3 style=\"text-align: right;\"><span style=\"color: #ffffff;\">16:00 &gt; 20:00<\/span><\/h3>\n<p>[\/vc_column_text][\/vc_column_inner][\/vc_row_inner][vc_separator type=&#8220;normal&#8220; color=&#8220;rgba(255,255,255,0.6)&#8220; thickness=&#8220;1&#8243; up=&#8220;15&#8243; down=&#8220;15&#8243;][vc_row_inner row_type=&#8220;row&#8220; type=&#8220;full_width&#8220; text_align=&#8220;left&#8220; css_animation=&#8220;&#8220;][vc_column_inner width=&#8220;1\/2&#8243;][vc_column_text]<\/p>\n<h3 style=\"text-align: left;\"><span style=\"color: #ffffff;\">Donnerstag:<\/span><\/h3>\n<p>[\/vc_column_text][\/vc_column_inner][vc_column_inner width=&#8220;1\/2&#8243;][vc_column_text]<\/p>\n<h3 style=\"text-align: right;\"><span style=\"color: #ffffff;\">Geschlossen<\/span><\/h3>\n<p>[\/vc_column_text][\/vc_column_inner][\/vc_row_inner][vc_separator type=&#8220;normal&#8220; color=&#8220;rgba(255,255,255,0.6)&#8220; thickness=&#8220;1&#8243; up=&#8220;15&#8243; down=&#8220;15&#8243;][vc_row_inner row_type=&#8220;row&#8220; type=&#8220;full_width&#8220; text_align=&#8220;left&#8220; css_animation=&#8220;&#8220;][vc_column_inner width=&#8220;1\/2&#8243;][vc_column_text]<\/p>\n<h3 style=\"text-align: left;\"><span style=\"color: #ffffff;\">Freitag:<\/span><\/h3>\n<p>[\/vc_column_text][\/vc_column_inner][vc_column_inner width=&#8220;1\/2&#8243;][vc_column_text]<\/p>\n<h3 style=\"text-align: right;\"><span style=\"color: #ffffff;\">9:00 &gt; 13:00<\/span><\/h3>\n<h3 style=\"text-align: right;\"><span style=\"color: #ffffff;\">15:00 &gt; 19:00<\/span><\/h3>\n<p>[\/vc_column_text][\/vc_column_inner][\/vc_row_inner][vc_separator type=&#8220;normal&#8220; color=&#8220;rgba(255,255,255,0.6)&#8220; thickness=&#8220;1&#8243; up=&#8220;15&#8243; down=&#8220;15&#8243;][vc_row_inner row_type=&#8220;row&#8220; type=&#8220;full_width&#8220; text_align=&#8220;left&#8220; css_animation=&#8220;&#8220;][vc_column_inner width=&#8220;1\/2&#8243;][vc_column_text]<\/p>\n<h3 style=\"text-align: left;\"><span style=\"color: #ffffff;\">Samstag:<\/span><\/h3>\n<p>[\/vc_column_text][\/vc_column_inner][vc_column_inner width=&#8220;1\/2&#8243;][vc_column_text]<\/p>\n<h3 style=\"text-align: right;\"><span style=\"color: #ffffff;\">9:00 &gt; 14:00<\/span><\/h3>\n<p>[\/vc_column_text][\/vc_column_inner][\/vc_row_inner][vc_separator type=&#8220;normal&#8220; color=&#8220;rgba(255,255,255,0.6)&#8220; thickness=&#8220;1&#8243; up=&#8220;15&#8243; down=&#8220;15&#8243;][vc_row_inner row_type=&#8220;row&#8220; type=&#8220;full_width&#8220; text_align=&#8220;left&#8220; css_animation=&#8220;&#8220;][vc_column_inner width=&#8220;1\/2&#8243;][vc_column_text]<\/p>\n<h3 style=\"text-align: left;\"><span style=\"color: #ffffff;\">Sonntag:<\/span><\/h3>\n<p>[\/vc_column_text][\/vc_column_inner][vc_column_inner width=&#8220;1\/2&#8243;][vc_column_text]<\/p>\n<h3 style=\"text-align: right;\"><span style=\"color: #ffffff;\">Geschlossen<\/span><\/h3>\n<p>[\/vc_column_text][\/vc_column_inner][\/vc_row_inner][\/vc_column][\/vc_row][vc_row css_animation=&#8220;&#8220; row_type=&#8220;row&#8220; use_row_as_full_screen_section=&#8220;no&#8220; type=&#8220;full_width&#8220; angled_section=&#8220;no&#8220; text_align=&#8220;left&#8220; background_image_as_pattern=&#8220;without_pattern&#8220; css=&#8220;.vc_custom_1510331656731{background-image: url(http:\/\/bridge109.qodeinteractive.com\/wp-content\/uploads\/2017\/11\/home-background-img.jpg?id=15) !important;background-position: center !important;background-repeat: no-repeat !important;background-size: cover !important;}&#8220;][vc_column][qode_elements_holder number_of_columns=&#8220;two_columns&#8220; switch_to_one_column=&#8220;1000&#8243; alignment_one_column=&#8220;left&#8220;][qode_elements_holder_item advanced_animations=&#8220;no&#8220; item_padding=&#8220;0px 3% 0px 1%&#8220;][vc_single_image image=&#8220;440&#8243; img_size=&#8220;full&#8220; alignment=&#8220;center&#8220; qode_css_animation=&#8220;&#8220;][\/qode_elements_holder_item][qode_elements_holder_item advanced_animations=&#8220;no&#8220; item_padding=&#8220;0px 50% 0px 0px&#8220; item_padding_1280_1440=&#8220;0px 32% 0px 0px&#8220; item_padding_1024_1280=&#8220;0px 25% 0px 0px&#8220; item_padding_768_1024=&#8220;0px 7% 0px 0px&#8220; item_padding_600_768=&#8220;80px 12% 60px&#8220; item_padding_480_600=&#8220;80px 10% 60px&#8220; item_padding_480=&#8220;80px 10% 60px&#8220;][vc_single_image image=&#8220;437&#8243; img_size=&#8220;full&#8220; qode_css_animation=&#8220;&#8220;][vc_empty_space height=&#8220;8px&#8220;][vc_column_text]<\/p>\n<h3>Friseur und Stylist in Larnaca, Zypern<\/h3>\n<p>[\/vc_column_text][vc_empty_space height=&#8220;25px&#8220;][vc_column_text]<br \/>\nHair &amp; Beauty existiert seit 1994. Zun\u00e4chst in Deutschland, nun in Zypern. Die Inhaberin ist seit \u00fcber 25 Jahren selbst\u00e4ndige Friseurmeisterin. Ihre Leidenschaft sind vor allem Haarschnitte, Str\u00e4hnen und F\u00e4rben. hierzu verwendet sie hochwertige Produkte. Nicht umsonst lautet der Slogan von Anja Grupp: \u201eHair is my passion!\u201c Die deutsche Fris\u00f6rin deines Vertrauens in Larnaca!<br \/>\n[\/vc_column_text][vc_empty_space height=&#8220;22px&#8220;][\/qode_elements_holder_item][\/qode_elements_holder][vc_row_inner row_type=&#8220;row&#8220; type=&#8220;grid&#8220; text_align=&#8220;center&#8220; css_animation=&#8220;&#8220; css=&#8220;.vc_custom_1510587227569{padding-bottom: 100px !important;}&#8220;][vc_column_inner][vc_single_image image=&#8220;25&#8243; img_size=&#8220;full&#8220; alignment=&#8220;center&#8220; qode_css_animation=&#8220;&#8220;][vc_empty_space height=&#8220;7px&#8220;][vc_column_text]<\/p>\n<h1 style=\"text-align: center;\">Unser Salon<\/h1>\n<p>[\/vc_column_text][vc_separator type=&#8220;small&#8220; position=&#8220;center&#8220; color=&#8220;#000000&#8243; thickness=&#8220;5&#8243; width=&#8220;80&#8243; up=&#8220;20&#8243;][vc_empty_space height=&#8220;50px&#8220;]<div class=\"qode-advanced-image-gallery  qode-aig-masonry-type qode-small-space  qode-image-behavior-zoom qode-aig-images-fixed\">\n\t<div class=\"qode-aig-inner qode-outer-space qode-aig-masonry qode-aig-four-columns\">\n\t\t<div class=\"qode-aig-grid-sizer\"><\/div>\n\t\t<div class=\"qode-aig-grid-gutter\"><\/div>\n\t\t\t\t\t\t\t\t<div class=\"qode-aig-image qode-item-space qode-aig-default-masonry-item\">\n\t\t\t\t<div class=\"qode-aig-image-inner\">\n\t\t\t\t\t\t\t\t\t\t\t<img fetchpriority=\"high\" decoding=\"async\" width=\"1200\" height=\"1200\" src=\"https:\/\/www.anjagrupp.cy\/wp-content\/uploads\/2021\/09\/larnaca_hair_salon_by_anja_grupp.jpg\" class=\"attachment-full size-full\" alt=\"\" srcset=\"https:\/\/www.anjagrupp.cy\/wp-content\/uploads\/2021\/09\/larnaca_hair_salon_by_anja_grupp.jpg 1200w, https:\/\/www.anjagrupp.cy\/wp-content\/uploads\/2021\/09\/larnaca_hair_salon_by_anja_grupp-300x300.jpg 300w, https:\/\/www.anjagrupp.cy\/wp-content\/uploads\/2021\/09\/larnaca_hair_salon_by_anja_grupp-1024x1024.jpg 1024w, https:\/\/www.anjagrupp.cy\/wp-content\/uploads\/2021\/09\/larnaca_hair_salon_by_anja_grupp-150x150.jpg 150w, https:\/\/www.anjagrupp.cy\/wp-content\/uploads\/2021\/09\/larnaca_hair_salon_by_anja_grupp-768x768.jpg 768w, https:\/\/www.anjagrupp.cy\/wp-content\/uploads\/2021\/09\/larnaca_hair_salon_by_anja_grupp-570x570.jpg 570w, https:\/\/www.anjagrupp.cy\/wp-content\/uploads\/2021\/09\/larnaca_hair_salon_by_anja_grupp-500x500.jpg 500w, https:\/\/www.anjagrupp.cy\/wp-content\/uploads\/2021\/09\/larnaca_hair_salon_by_anja_grupp-1000x1000.jpg 1000w, https:\/\/www.anjagrupp.cy\/wp-content\/uploads\/2021\/09\/larnaca_hair_salon_by_anja_grupp-700x700.jpg 700w, https:\/\/www.anjagrupp.cy\/wp-content\/uploads\/2021\/09\/larnaca_hair_salon_by_anja_grupp-650x650.jpg 650w\" sizes=\"(max-width: 1200px) 100vw, 1200px\" \/>\t\t\t\t\t\t<span class=\"aig-gallery-hover\">\n\t\t\t\t\t\t\t\t\t\t\t\t\t<\/span>\n\t\t\t\t\t\t\t\t\t<\/div>\n\t\t\t<\/div>\n\t\t\t\t\t\t\t\t\t\t\t<div class=\"qode-aig-image qode-item-space qode-aig-default-masonry-item\">\n\t\t\t\t<div class=\"qode-aig-image-inner\">\n\t\t\t\t\t\t\t\t\t\t\t<img decoding=\"async\" width=\"800\" height=\"800\" src=\"https:\/\/www.anjagrupp.cy\/wp-content\/uploads\/2021\/09\/entrance_corner.jpg\" class=\"attachment-full size-full\" alt=\"\" srcset=\"https:\/\/www.anjagrupp.cy\/wp-content\/uploads\/2021\/09\/entrance_corner.jpg 800w, https:\/\/www.anjagrupp.cy\/wp-content\/uploads\/2021\/09\/entrance_corner-300x300.jpg 300w, https:\/\/www.anjagrupp.cy\/wp-content\/uploads\/2021\/09\/entrance_corner-150x150.jpg 150w, https:\/\/www.anjagrupp.cy\/wp-content\/uploads\/2021\/09\/entrance_corner-768x768.jpg 768w, https:\/\/www.anjagrupp.cy\/wp-content\/uploads\/2021\/09\/entrance_corner-570x570.jpg 570w, https:\/\/www.anjagrupp.cy\/wp-content\/uploads\/2021\/09\/entrance_corner-500x500.jpg 500w, https:\/\/www.anjagrupp.cy\/wp-content\/uploads\/2021\/09\/entrance_corner-700x700.jpg 700w, https:\/\/www.anjagrupp.cy\/wp-content\/uploads\/2021\/09\/entrance_corner-650x650.jpg 650w\" sizes=\"(max-width: 800px) 100vw, 800px\" \/>\t\t\t\t\t\t<span class=\"aig-gallery-hover\">\n\t\t\t\t\t\t\t\t\t\t\t\t\t<\/span>\n\t\t\t\t\t\t\t\t\t<\/div>\n\t\t\t<\/div>\n\t\t\t\t\t\t\t\t\t\t\t<div class=\"qode-aig-image qode-item-space qode-aig-default-masonry-item\">\n\t\t\t\t<div class=\"qode-aig-image-inner\">\n\t\t\t\t\t\t\t\t\t\t\t<img decoding=\"async\" width=\"800\" height=\"1600\" src=\"https:\/\/www.anjagrupp.cy\/wp-content\/uploads\/2021\/09\/all_that_we_are.jpg\" class=\"attachment-full size-full\" alt=\"\" srcset=\"https:\/\/www.anjagrupp.cy\/wp-content\/uploads\/2021\/09\/all_that_we_are.jpg 800w, https:\/\/www.anjagrupp.cy\/wp-content\/uploads\/2021\/09\/all_that_we_are-150x300.jpg 150w, https:\/\/www.anjagrupp.cy\/wp-content\/uploads\/2021\/09\/all_that_we_are-512x1024.jpg 512w, https:\/\/www.anjagrupp.cy\/wp-content\/uploads\/2021\/09\/all_that_we_are-768x1536.jpg 768w, https:\/\/www.anjagrupp.cy\/wp-content\/uploads\/2021\/09\/all_that_we_are-500x1000.jpg 500w, https:\/\/www.anjagrupp.cy\/wp-content\/uploads\/2021\/09\/all_that_we_are-700x1400.jpg 700w, https:\/\/www.anjagrupp.cy\/wp-content\/uploads\/2021\/09\/all_that_we_are-650x1300.jpg 650w\" sizes=\"(max-width: 800px) 100vw, 800px\" \/>\t\t\t\t\t\t<span class=\"aig-gallery-hover\">\n\t\t\t\t\t\t\t\t\t\t\t\t\t<\/span>\n\t\t\t\t\t\t\t\t\t<\/div>\n\t\t\t<\/div>\n\t\t\t\t\t\t\t\t\t\t\t<div class=\"qode-aig-image qode-item-space qode-aig-default-masonry-item\">\n\t\t\t\t<div class=\"qode-aig-image-inner\">\n\t\t\t\t\t\t\t\t\t\t\t<img loading=\"lazy\" decoding=\"async\" width=\"800\" height=\"800\" src=\"https:\/\/www.anjagrupp.cy\/wp-content\/uploads\/2021\/09\/hair_care_products.jpg\" class=\"attachment-full size-full\" alt=\"\" srcset=\"https:\/\/www.anjagrupp.cy\/wp-content\/uploads\/2021\/09\/hair_care_products.jpg 800w, https:\/\/www.anjagrupp.cy\/wp-content\/uploads\/2021\/09\/hair_care_products-300x300.jpg 300w, https:\/\/www.anjagrupp.cy\/wp-content\/uploads\/2021\/09\/hair_care_products-150x150.jpg 150w, https:\/\/www.anjagrupp.cy\/wp-content\/uploads\/2021\/09\/hair_care_products-768x768.jpg 768w, https:\/\/www.anjagrupp.cy\/wp-content\/uploads\/2021\/09\/hair_care_products-570x570.jpg 570w, https:\/\/www.anjagrupp.cy\/wp-content\/uploads\/2021\/09\/hair_care_products-500x500.jpg 500w, https:\/\/www.anjagrupp.cy\/wp-content\/uploads\/2021\/09\/hair_care_products-700x700.jpg 700w, https:\/\/www.anjagrupp.cy\/wp-content\/uploads\/2021\/09\/hair_care_products-650x650.jpg 650w\" sizes=\"(max-width: 800px) 100vw, 800px\" \/>\t\t\t\t\t\t<span class=\"aig-gallery-hover\">\n\t\t\t\t\t\t\t\t\t\t\t\t\t<\/span>\n\t\t\t\t\t\t\t\t\t<\/div>\n\t\t\t<\/div>\n\t\t\t\t\t\t\t\t\t\t\t<div class=\"qode-aig-image qode-item-space qode-aig-default-masonry-item\">\n\t\t\t\t<div class=\"qode-aig-image-inner\">\n\t\t\t\t\t\t\t\t\t\t\t<img loading=\"lazy\" decoding=\"async\" width=\"800\" height=\"800\" src=\"https:\/\/www.anjagrupp.cy\/wp-content\/uploads\/2021\/09\/hair-color.jpg\" class=\"attachment-full size-full\" alt=\"\" srcset=\"https:\/\/www.anjagrupp.cy\/wp-content\/uploads\/2021\/09\/hair-color.jpg 800w, https:\/\/www.anjagrupp.cy\/wp-content\/uploads\/2021\/09\/hair-color-300x300.jpg 300w, https:\/\/www.anjagrupp.cy\/wp-content\/uploads\/2021\/09\/hair-color-150x150.jpg 150w, https:\/\/www.anjagrupp.cy\/wp-content\/uploads\/2021\/09\/hair-color-768x768.jpg 768w, https:\/\/www.anjagrupp.cy\/wp-content\/uploads\/2021\/09\/hair-color-570x570.jpg 570w, https:\/\/www.anjagrupp.cy\/wp-content\/uploads\/2021\/09\/hair-color-500x500.jpg 500w, https:\/\/www.anjagrupp.cy\/wp-content\/uploads\/2021\/09\/hair-color-700x700.jpg 700w, https:\/\/www.anjagrupp.cy\/wp-content\/uploads\/2021\/09\/hair-color-650x650.jpg 650w\" sizes=\"(max-width: 800px) 100vw, 800px\" \/>\t\t\t\t\t\t<span class=\"aig-gallery-hover\">\n\t\t\t\t\t\t\t\t\t\t\t\t\t<\/span>\n\t\t\t\t\t\t\t\t\t<\/div>\n\t\t\t<\/div>\n\t\t\t\t\t\t\t\t\t\t\t<div class=\"qode-aig-image qode-item-space qode-aig-default-masonry-item\">\n\t\t\t\t<div class=\"qode-aig-image-inner\">\n\t\t\t\t\t\t\t\t\t\t\t<img loading=\"lazy\" decoding=\"async\" width=\"800\" height=\"800\" src=\"https:\/\/www.anjagrupp.cy\/wp-content\/uploads\/2021\/09\/salon_veranda.jpg\" class=\"attachment-full size-full\" alt=\"\" srcset=\"https:\/\/www.anjagrupp.cy\/wp-content\/uploads\/2021\/09\/salon_veranda.jpg 800w, https:\/\/www.anjagrupp.cy\/wp-content\/uploads\/2021\/09\/salon_veranda-300x300.jpg 300w, https:\/\/www.anjagrupp.cy\/wp-content\/uploads\/2021\/09\/salon_veranda-150x150.jpg 150w, https:\/\/www.anjagrupp.cy\/wp-content\/uploads\/2021\/09\/salon_veranda-768x768.jpg 768w, https:\/\/www.anjagrupp.cy\/wp-content\/uploads\/2021\/09\/salon_veranda-570x570.jpg 570w, https:\/\/www.anjagrupp.cy\/wp-content\/uploads\/2021\/09\/salon_veranda-500x500.jpg 500w, https:\/\/www.anjagrupp.cy\/wp-content\/uploads\/2021\/09\/salon_veranda-700x700.jpg 700w, https:\/\/www.anjagrupp.cy\/wp-content\/uploads\/2021\/09\/salon_veranda-650x650.jpg 650w\" sizes=\"(max-width: 800px) 100vw, 800px\" \/>\t\t\t\t\t\t<span class=\"aig-gallery-hover\">\n\t\t\t\t\t\t\t\t\t\t\t\t\t<\/span>\n\t\t\t\t\t\t\t\t\t<\/div>\n\t\t\t<\/div>\n\t\t\t\t\t\t<\/div>\n<\/div>[vc_empty_space height=&#8220;50px&#8220;][vc_separator type=&#8220;small&#8220; position=&#8220;center&#8220; color=&#8220;#000000&#8243; thickness=&#8220;5&#8243; width=&#8220;80&#8243; up=&#8220;20&#8243;][vc_column_text]<\/p>\n<h1 style=\"text-align: center;\">Lifestyle<\/h1>\n<p>[\/vc_column_text][vc_empty_space height=&#8220;50px&#8220;][vc_column_text]<\/p>\n<h4 style=\"text-align: center;\">Haare sind ein Lebensgef\u00fchl! Zur Ver\u00e4nderung ben\u00f6tigt man Mut und eine entsprechende Fachberatung.<\/h4>\n<h4 style=\"text-align: center;\">Bei mir erhalten sie immer eine ehrliche Einsch\u00e4tzung und Analyse zu ihrer Haarbeschaffenheit und ihrer typ-gerechten M\u00f6glichkeiten.<\/h4>\n<h4><\/h4>\n<h4 style=\"text-align: center;\">\u00a0Ich verwende ausgew\u00e4hlte Produkte von hoher Qualit\u00e4t und nutze nur zwingend notwendige chemische Produkte.<\/h4>\n<p>[\/vc_column_text][\/vc_column_inner][\/vc_row_inner][\/vc_column][\/vc_row][vc_row css_animation=&#8220;&#8220; row_type=&#8220;row&#8220; use_row_as_full_screen_section=&#8220;no&#8220; type=&#8220;full_width&#8220; angled_section=&#8220;no&#8220; text_align=&#8220;left&#8220; background_image_as_pattern=&#8220;without_pattern&#8220;][vc_column]<div class=\"qode_video_box\">\n\t<a itemprop=\"image\" class=\"qode_video_image\" href=\"https:\/\/vimeo.com\/60512487\" data-rel=\"prettyPhoto\">\n\t\t\t\t\t<img loading=\"lazy\" decoding=\"async\" width=\"1920\" height=\"520\" src=\"https:\/\/www.anjagrupp.cy\/wp-content\/uploads\/2017\/11\/home-video-box.jpg\" class=\"attachment-full size-full\" alt=\"a\" srcset=\"https:\/\/www.anjagrupp.cy\/wp-content\/uploads\/2017\/11\/home-video-box.jpg 1920w, https:\/\/www.anjagrupp.cy\/wp-content\/uploads\/2017\/11\/home-video-box-300x81.jpg 300w, https:\/\/www.anjagrupp.cy\/wp-content\/uploads\/2017\/11\/home-video-box-1024x277.jpg 1024w, https:\/\/www.anjagrupp.cy\/wp-content\/uploads\/2017\/11\/home-video-box-768x208.jpg 768w, https:\/\/www.anjagrupp.cy\/wp-content\/uploads\/2017\/11\/home-video-box-1536x416.jpg 1536w, https:\/\/www.anjagrupp.cy\/wp-content\/uploads\/2017\/11\/home-video-box-700x190.jpg 700w\" sizes=\"(max-width: 1920px) 100vw, 1920px\" \/>\t\t\t<span class=\"qode_video_box_button_holder\">\n\t\t\t\t<span class=\"qode_video_box_button\">\n\t\t\t\t\t<span class=\"qode_video_box_button_arrow\">\n\t\t\t\t\t<\/span>\n\t\t\t\t<\/span>\n\t\t\t<\/span>\n\t\t\t<\/a>\n<\/div>[\/vc_column][\/vc_row][vc_row css_animation=&#8220;&#8220; row_type=&#8220;row&#8220; use_row_as_full_screen_section=&#8220;no&#8220; type=&#8220;grid&#8220; angled_section=&#8220;no&#8220; text_align=&#8220;center&#8220; background_image_as_pattern=&#8220;without_pattern&#8220; background_image=&#8220;18&#8243; z_index=&#8220;&#8220; css=&#8220;.vc_custom_1510757103503{padding-top: 102px !important;padding-bottom: 110px !important;}&#8220;][vc_column][vc_single_image image=&#8220;237&#8243; img_size=&#8220;full&#8220; alignment=&#8220;center&#8220; qode_css_animation=&#8220;&#8220;][vc_empty_space height=&#8220;14px&#8220;][vc_column_text]<\/p>\n<h2>Was unseren Kunden sagen<\/h2>\n<p>[\/vc_column_text][vc_empty_space height=&#8220;22px&#8220;][qode_elements_holder number_of_columns=&#8220;one_column&#8220;][qode_elements_holder_item horizontal_alignment=&#8220;center&#8220; advanced_animations=&#8220;no&#8220; item_padding=&#8220;0px 17%&#8220; item_padding_1024_1280=&#8220;0px 12%&#8220; item_padding_768_1024=&#8220;0px&#8220; item_padding_600_768=&#8220;0px&#8220; item_padding_480_600=&#8220;0px&#8220; item_padding_480=&#8220;0px&#8220;]<div class='testimonials_holder clearfix dark'><div class=\"testimonials testimonials_carousel\" data-show-navigation=\"yes\" data-animation-type=\"fade\" data-animation-speed=\"\" data-auto-rotate-slides=\"3\" data-number-per-slide=\"1\"><ul class=\"slides\"><li id=\"testimonials559\" class=\"testimonial_content\"><div class=\"testimonial_content_inner\"><div class=\"testimonial_text_holder\"><div class=\"testimonial_text_inner\" style=\"\"><p >Erster Kontakt und ich bin absolut begeistert!\r\nHier trifft man absolute Professionalit\u00e4t gebunden mit Spa\u00df und Kreativit\u00e4t.\r\nVom Haarschnitt \u00fcber Ideenaustausch und F\u00e4rbungen war bei mir alles dabei und ich bin absolut happy!\r\nFreue mich auf die zuk\u00fcnftigen Begegnungen und die Arbeit von Anja \ud83d\ude42<\/p><p class=\"testimonial_author\" style=\"\">Nico Feger<\/p><\/div><\/div><\/div><\/li><li id=\"testimonials561\" class=\"testimonial_content\"><div class=\"testimonial_content_inner\"><div class=\"testimonial_text_holder\"><div class=\"testimonial_text_inner\" style=\"\"><p >Ich freue mich auf meinen n\u00e4chsten Besuch! Auch wenn die Anfahrt etwas l\u00e4nger ist. Es lohnt sich!<\/p><p class=\"testimonial_author\" style=\"\">Angela Wellner<\/p><\/div><\/div><\/div><\/li><li id=\"testimonials569\" class=\"testimonial_content\"><div class=\"testimonial_content_inner\"><div class=\"testimonial_text_holder\"><div class=\"testimonial_text_inner\" style=\"\"><p >Ich habe mich schon lange nicht mehr so wohl und cool gestylt gef\u00fchlt nach einem Haartermin. \ud83d\ude0e\u2b50\ud83d\udc95\r\nDie lange Reise von Polis hat sich gelohnt. \ud83d\udc4d \ud83d\udc51\r\nObendrein gab es noch eine sch\u00f6ne Kaffeerunde aufs Haus.\ud83d\ude0b\u2600\ufe0f Ich freue mich schon auf meinen n\u00e4chsten Friseurbesuch bei dir. \ud83d\ude03<\/p><p class=\"testimonial_author\" style=\"\">Sherin Rashwan<\/p><\/div><\/div><\/div><\/li><li id=\"testimonials772\" class=\"testimonial_content\"><div class=\"testimonial_content_inner\"><div class=\"testimonial_text_holder\"><div class=\"testimonial_text_inner\" style=\"\"><p >Ich habe mich schon lange nicht mehr so wohl und cool gestylt gef\u00fchlt nach einem Friseurtermin. \ud83d\ude0e\u2b50\ud83d\udc95\r\nDie lange Anreise aus Polis hat sich gelohnt. \ud83d\udc4d \ud83d\udc51\r\nObendrauf gab es noch eine sch\u00f6ne Kaffeerunde aufs Haus.\ud83d\ude0b\u2600\ufe0f Ich freue mich schon auf meinen n\u00e4chsten Friseurbesuch bei euch. \ud83d\ude03<\/p><p class=\"testimonial_author\" style=\"\">Sherin Rashwan<\/p><\/div><\/div><\/div><\/li><\/ul><\/div><\/div>[\/qode_elements_holder_item][\/qode_elements_holder][\/vc_column][\/vc_row]<\/p>\n<\/div>","protected":false},"excerpt":{"rendered":"<p>[vc_row css_animation=&#8220;&#8220; row_type=&#8220;row&#8220; use_row_as_full_screen_section=&#8220;no&#8220; type=&#8220;full_width&#8220; angled_section=&#8220;no&#8220; text_align=&#8220;left&#8220; background_image_as_pattern=&#8220;without_pattern&#8220;][vc_column][rev_slider_vc alias=&#8220;slider-2&#8243;][\/vc_column][\/vc_row][vc_row css_animation=&#8220;&#8220; row_type=&#8220;row&#8220; use_row_as_full_screen_section=&#8220;no&#8220; type=&#8220;grid&#8220; angled_section=&#8220;no&#8220; text_align=&#8220;left&#8220; background_image_as_pattern=&#8220;without_pattern&#8220; css=&#8220;.vc_custom_1510587206969{padding-top: 110px !important;padding-bottom: 100px !important;background-color: #000000 !important;}&#8220; z_index=&#8220;&#8220;][vc_column css=&#8220;.vc_custom_1510584055577{margin-top: -11px !important;}&#8220; offset=&#8220;vc_col-lg-3&#8243;][qode_elements_holder number_of_columns=&#8220;one_column&#8220;][qode_elements_holder_item advanced_animations=&#8220;no&#8220; item_padding=&#8220;0px 0px 0px 17%&#8220; item_padding_1280_1440=&#8220;0px&#8220; item_padding_1024_1280=&#8220;0px&#8220; item_padding_768_1024=&#8220;0px 0px 40px 54%&#8220; item_padding_600_768=&#8220;0px 0px 40px 26%&#8220; item_padding_480_600=&#8220;0px&#8220;&#8230;<\/p>\n","protected":false},"author":1,"featured_media":0,"parent":0,"menu_order":0,"comment_status":"closed","ping_status":"closed","template":"full_width.php","meta":{"footnotes":""},"class_list":["post-413","page","type-page","status-publish","hentry"],"_links":{"self":[{"href":"https:\/\/www.anjagrupp.cy\/de\/wp-json\/wp\/v2\/pages\/413","targetHints":{"allow":["GET"]}}],"collection":[{"href":"https:\/\/www.anjagrupp.cy\/de\/wp-json\/wp\/v2\/pages"}],"about":[{"href":"https:\/\/www.anjagrupp.cy\/de\/wp-json\/wp\/v2\/types\/page"}],"author":[{"embeddable":true,"href":"https:\/\/www.anjagrupp.cy\/de\/wp-json\/wp\/v2\/users\/1"}],"replies":[{"embeddable":true,"href":"https:\/\/www.anjagrupp.cy\/de\/wp-json\/wp\/v2\/comments?post=413"}],"version-history":[{"count":12,"href":"https:\/\/www.anjagrupp.cy\/de\/wp-json\/wp\/v2\/pages\/413\/revisions"}],"predecessor-version":[{"id":635,"href":"https:\/\/www.anjagrupp.cy\/de\/wp-json\/wp\/v2\/pages\/413\/revisions\/635"}],"wp:attachment":[{"href":"https:\/\/www.anjagrupp.cy\/de\/wp-json\/wp\/v2\/media?parent=413"}],"curies":[{"name":"wp","href":"https:\/\/api.w.org\/{rel}","templated":true}]}}