{"id":759,"date":"2025-03-14T12:39:57","date_gmt":"2025-03-14T09:39:57","guid":{"rendered":"https:\/\/www.anjagrupp.cy\/?page_id=759"},"modified":"2025-03-14T12:47:04","modified_gmt":"2025-03-14T09:47:04","slug":"hair-beauty-by-anja-grupp","status":"publish","type":"page","link":"https:\/\/www.anjagrupp.cy\/","title":{"rendered":"Hair &amp; Beauty by Anja Grupp"},"content":{"rendered":"\n<p class=\"has-text-align-center\"><a href=\"https:\/\/www.anjagrupp.cy\/en\/\"><img decoding=\"async\" class=\"wp-image-30\" style=\"width: 18;\" src=\"https:\/\/www.anjagrupp.cy\/wp-content\/plugins\/sitepress-multilingual-cms\/res\/flags\/en.svg\" alt=\"a\"> English<\/a> | <a href=\"https:\/\/www.anjagrupp.cy\/de\/\"><img decoding=\"async\" class=\"wp-image-30\" style=\"width: 18;\" src=\"https:\/\/www.anjagrupp.cy\/wp-content\/plugins\/sitepress-multilingual-cms\/res\/flags\/de.svg\" alt=\"Deutsch\"> Deutsch<\/a> | <a href=\"https:\/\/www.anjagrupp.cy\/el\/\"><img decoding=\"async\" class=\"wp-image-30\" style=\"width: 18;\" src=\"https:\/\/www.anjagrupp.cy\/wp-content\/plugins\/sitepress-multilingual-cms\/res\/flags\/gr.svg\" alt=\"\u0395\u03bb\u03bb\u03b7\u03bd\u03b9\u03ba\u03ae\"> \u0395\u03bb\u03bb\u03b7\u03bd\u03b9\u03ba\u03ae<\/a> | <a href=\"https:\/\/www.anjagrupp.cy\/ru\/\"><img decoding=\"async\" class=\"wp-image-30\" style=\"width: 18;\" src=\"https:\/\/www.anjagrupp.cy\/wp-content\/plugins\/sitepress-multilingual-cms\/res\/flags\/ru.svg\" alt=\"\u0420\u0443\u0441\u0441\u043a\u0438\u0439\"> \u0420\u0443\u0441\u0441\u043a\u0438\u0439<\/a> | <a href=\"https:\/\/www.anjagrupp.cy\/sv\/\"><img decoding=\"async\" class=\"wp-image-30\" style=\"width: 18;\" src=\"https:\/\/www.anjagrupp.cy\/wp-content\/plugins\/sitepress-multilingual-cms\/res\/flags\/sv.svg\" alt=\"Svenska\"> Svenska<\/a> | <a href=\"https:\/\/www.anjagrupp.cy\/uk\/\"><img decoding=\"async\" class=\"wp-image-30\" style=\"width: 18;\" src=\"https:\/\/www.anjagrupp.cy\/wp-content\/plugins\/sitepress-multilingual-cms\/res\/flags\/uk.svg\" alt=\"\u0423\u043a\u0440\u0430\u0457\u043d\u0441\u044c\u043a\u0430\"> \u0423\u043a\u0440\u0430\u0457\u043d\u0441\u044c\u043a\u0430<\/a><\/p>\n\n\n\n<p><br><\/p>\n\n\n\n<p class=\"has-text-align-center\"><strong>Welcome to your professional hairdresser and hairstylist in Larnaca!<\/strong><\/p>\n\n\n\n<p class=\"has-text-align-center\">Herzlich Willkommen bei Deiner professionellen Fris\u00f6rmeisterin und Hairstylistin in Larnaka!<\/p>\n\n\n\n<p class=\"has-text-align-center\"><strong>\u039a\u03b1\u03bb\u03ce\u03c2 \u03ae\u03c1\u03b8\u03b1\u03c4\u03b5 \u03c3\u03c4\u03bf\u03bd \u03b5\u03c0\u03b1\u03b3\u03b3\u03b5\u03bb\u03bc\u03b1\u03c4\u03af\u03b1 \u03ba\u03bf\u03bc\u03bc\u03c9\u03c4\u03ae \u03ba\u03b1\u03b9 \u03ba\u03bf\u03bc\u03bc\u03c9\u03c4\u03ae \u03c3\u03b1\u03c2 \u03c3\u03c4\u03b7 \u039b\u03ac\u03c1\u03bd\u03b1\u03ba\u03b1!<\/strong><\/p>\n\n\n\n<p class=\"has-text-align-center\">\u0414\u043e\u0431\u0440\u043e \u043f\u043e\u0436\u0430\u043b\u043e\u0432\u0430\u0442\u044c \u043a \u043f\u0440\u043e\u0444\u0435\u0441\u0441\u0438\u043e\u043d\u0430\u043b\u044c\u043d\u043e\u043c\u0443 \u043f\u0430\u0440\u0438\u043a\u043c\u0430\u0445\u0435\u0440\u0443 \u0438 \u043f\u0430\u0440\u0438\u043a\u043c\u0430\u0445\u0435\u0440\u0443-\u0441\u0442\u0438\u043b\u0438\u0441\u0442\u0443 \u0432 \u041b\u0430\u0440\u043d\u0430\u043a\u0435!<\/p>\n\n\n\n<p class=\"has-text-align-center\"><strong>V\u00e4lkommen till din professionella fris\u00f6r och h\u00e5rstylist i Larnaca!<\/strong><\/p>\n\n\n\n<p class=\"has-text-align-center\">\u041b\u0430\u0441\u043a\u0430\u0432\u043e \u043f\u0440\u043e\u0441\u0438\u043c\u043e \u0434\u043e \u0432\u0430\u0448\u043e\u0433\u043e \u043f\u0440\u043e\u0444\u0435\u0441\u0456\u0439\u043d\u043e\u0433\u043e \u043f\u0435\u0440\u0443\u043a\u0430\u0440\u044f \u0442\u0430 \u043f\u0435\u0440\u0443\u043a\u0430\u0440\u044f \u0432 \u041b\u0430\u0440\u043d\u0430\u0446\u0456!<\/p>\n\n\n\n<p><br><\/p>\n\n\n\n<p class=\"has-text-align-center\"><a href=\"https:\/\/www.anjagrupp.cy\/en\/\"><img decoding=\"async\" class=\"wp-image-30\" style=\"width: 18;\" src=\"https:\/\/www.anjagrupp.cy\/wp-content\/plugins\/sitepress-multilingual-cms\/res\/flags\/en.svg\" alt=\"a\"> English<\/a> | <a href=\"https:\/\/www.anjagrupp.cy\/de\/\"><img decoding=\"async\" class=\"wp-image-30\" style=\"width: 18;\" src=\"https:\/\/www.anjagrupp.cy\/wp-content\/plugins\/sitepress-multilingual-cms\/res\/flags\/de.svg\" alt=\"Deutsch\"> Deutsch<\/a> | <a href=\"https:\/\/www.anjagrupp.cy\/el\/\"><img decoding=\"async\" class=\"wp-image-30\" style=\"width: 18;\" src=\"https:\/\/www.anjagrupp.cy\/wp-content\/plugins\/sitepress-multilingual-cms\/res\/flags\/gr.svg\" alt=\"\u0395\u03bb\u03bb\u03b7\u03bd\u03b9\u03ba\u03ae\"> \u0395\u03bb\u03bb\u03b7\u03bd\u03b9\u03ba\u03ae<\/a> | <a href=\"https:\/\/www.anjagrupp.cy\/ru\/\"><img decoding=\"async\" class=\"wp-image-30\" style=\"width: 18;\" src=\"https:\/\/www.anjagrupp.cy\/wp-content\/plugins\/sitepress-multilingual-cms\/res\/flags\/ru.svg\" alt=\"\u0420\u0443\u0441\u0441\u043a\u0438\u0439\"> \u0420\u0443\u0441\u0441\u043a\u0438\u0439<\/a> | <a href=\"https:\/\/www.anjagrupp.cy\/sv\/\"><img decoding=\"async\" class=\"wp-image-30\" style=\"width: 18;\" src=\"https:\/\/www.anjagrupp.cy\/wp-content\/plugins\/sitepress-multilingual-cms\/res\/flags\/sv.svg\" alt=\"Svenska\"> Svenska<\/a> | <a href=\"https:\/\/www.anjagrupp.cy\/uk\/\"><img decoding=\"async\" class=\"wp-image-30\" style=\"width: 18;\" src=\"https:\/\/www.anjagrupp.cy\/wp-content\/plugins\/sitepress-multilingual-cms\/res\/flags\/uk.svg\" alt=\"\u0423\u043a\u0440\u0430\u0457\u043d\u0441\u044c\u043a\u0430\"> \u0423\u043a\u0440\u0430\u0457\u043d\u0441\u044c\u043a\u0430<\/a><\/p>\n\n\n\n<p><br><\/p>\n\n\n\n<p class=\"has-text-align-center\"><strong>Please select your language, clicking on the flag below:<\/strong><\/p>\n\n\n\n<p class=\"has-text-align-center\">Bitte w\u00e4hlen Sie Ihre Sprache, indem Sie auf die unten stehende Flagge klicken:<\/p>\n\n\n\n<p class=\"has-text-align-center\"><strong>\u03a0\u03b1\u03c1\u03b1\u03ba\u03b1\u03bb\u03ce \u03b5\u03c0\u03b9\u03bb\u03ad\u03be\u03c4\u03b5 \u03c4\u03b7 \u03b3\u03bb\u03ce\u03c3\u03c3\u03b1 \u03c3\u03b1\u03c2 \u03ba\u03ac\u03bd\u03bf\u03bd\u03c4\u03b1\u03c2 \u03ba\u03bb\u03b9\u03ba \u03c3\u03c4\u03b7\u03bd \u03c0\u03b1\u03c1\u03b1\u03ba\u03ac\u03c4\u03c9 \u03c3\u03b7\u03bc\u03b1\u03af\u03b1:<\/strong><\/p>\n\n\n\n<p class=\"has-text-align-center\">\u041f\u043e\u0436\u0430\u043b\u0443\u0439\u0441\u0442\u0430, \u0432\u044b\u0431\u0435\u0440\u0438\u0442\u0435 \u0441\u0432\u043e\u0439 \u044f\u0437\u044b\u043a, \u043d\u0430\u0436\u0430\u0432 \u043d\u0430 \u0444\u043b\u0430\u0436\u043e\u043a \u043d\u0438\u0436\u0435:<\/p>\n\n\n\n<p class=\"has-text-align-center\"><strong>V\u00e4nligen v\u00e4lj ditt spr\u00e5k genom att klicka p\u00e5 flaggan nedan:<\/strong><\/p>\n\n\n\n<p class=\"has-text-align-center\">\u0411\u0443\u0434\u044c \u043b\u0430\u0441\u043a\u0430, \u0432\u0438\u0431\u0435\u0440\u0456\u0442\u044c \u0432\u0430\u0448\u0443 \u043c\u043e\u0432\u0443, \u043d\u0430\u0442\u0438\u0441\u043d\u0443\u0432\u0448\u0438 \u043d\u0430 \u043f\u0440\u0430\u043f\u043e\u0440\u0435\u0446\u044c \u043d\u0438\u0436\u0447\u0435:<\/p>\n\n\n\n<p><br><\/p>\n\n\n\n<p class=\"has-text-align-center\"><a href=\"https:\/\/www.anjagrupp.cy\/en\/\"><img decoding=\"async\" class=\"wp-image-30\" style=\"width: 18;\" src=\"https:\/\/www.anjagrupp.cy\/wp-content\/plugins\/sitepress-multilingual-cms\/res\/flags\/en.svg\" alt=\"a\"> English<\/a> | <a href=\"https:\/\/www.anjagrupp.cy\/de\/\"><img decoding=\"async\" class=\"wp-image-30\" style=\"width: 18;\" src=\"https:\/\/www.anjagrupp.cy\/wp-content\/plugins\/sitepress-multilingual-cms\/res\/flags\/de.svg\" alt=\"Deutsch\"> Deutsch<\/a> | <a href=\"https:\/\/www.anjagrupp.cy\/el\/\"><img decoding=\"async\" class=\"wp-image-30\" style=\"width: 18;\" src=\"https:\/\/www.anjagrupp.cy\/wp-content\/plugins\/sitepress-multilingual-cms\/res\/flags\/gr.svg\" alt=\"\u0395\u03bb\u03bb\u03b7\u03bd\u03b9\u03ba\u03ae\"> \u0395\u03bb\u03bb\u03b7\u03bd\u03b9\u03ba\u03ae<\/a> | <a href=\"https:\/\/www.anjagrupp.cy\/ru\/\"><img decoding=\"async\" class=\"wp-image-30\" style=\"width: 18;\" src=\"https:\/\/www.anjagrupp.cy\/wp-content\/plugins\/sitepress-multilingual-cms\/res\/flags\/ru.svg\" alt=\"\u0420\u0443\u0441\u0441\u043a\u0438\u0439\"> \u0420\u0443\u0441\u0441\u043a\u0438\u0439<\/a> | <a href=\"https:\/\/www.anjagrupp.cy\/sv\/\"><img decoding=\"async\" class=\"wp-image-30\" style=\"width: 18;\" src=\"https:\/\/www.anjagrupp.cy\/wp-content\/plugins\/sitepress-multilingual-cms\/res\/flags\/sv.svg\" alt=\"Svenska\"> Svenska<\/a> | <a href=\"https:\/\/www.anjagrupp.cy\/uk\/\"><img decoding=\"async\" class=\"wp-image-30\" style=\"width: 18;\" src=\"https:\/\/www.anjagrupp.cy\/wp-content\/plugins\/sitepress-multilingual-cms\/res\/flags\/uk.svg\" alt=\"\u0423\u043a\u0440\u0430\u0457\u043d\u0441\u044c\u043a\u0430\"> \u0423\u043a\u0440\u0430\u0457\u043d\u0441\u044c\u043a\u0430<\/a><\/p>\n\n\n\n<p><\/p>\n","protected":false},"excerpt":{"rendered":"<p>English | Deutsch | \u0395\u03bb\u03bb\u03b7\u03bd\u03b9\u03ba\u03ae | \u0420\u0443\u0441\u0441\u043a\u0438\u0439 | Svenska | \u0423\u043a\u0440\u0430\u0457\u043d\u0441\u044c\u043a\u0430 Welcome to your professional hairdresser and hairstylist in Larnaca! Herzlich Willkommen bei Deiner professionellen Fris\u00f6rmeisterin und Hairstylistin in Larnaka! \u039a\u03b1\u03bb\u03ce\u03c2 \u03ae\u03c1\u03b8\u03b1\u03c4\u03b5 \u03c3\u03c4\u03bf\u03bd \u03b5\u03c0\u03b1\u03b3\u03b3\u03b5\u03bb\u03bc\u03b1\u03c4\u03af\u03b1 \u03ba\u03bf\u03bc\u03bc\u03c9\u03c4\u03ae \u03ba\u03b1\u03b9 \u03ba\u03bf\u03bc\u03bc\u03c9\u03c4\u03ae \u03c3\u03b1\u03c2 \u03c3\u03c4\u03b7 \u039b\u03ac\u03c1\u03bd\u03b1\u03ba\u03b1! \u0414\u043e\u0431\u0440\u043e \u043f\u043e\u0436\u0430\u043b\u043e\u0432\u0430\u0442\u044c \u043a \u043f\u0440\u043e\u0444\u0435\u0441\u0441\u0438\u043e\u043d\u0430\u043b\u044c\u043d\u043e\u043c\u0443 \u043f\u0430\u0440\u0438\u043a\u043c\u0430\u0445\u0435\u0440\u0443&#8230;<\/p>\n","protected":false},"author":1,"featured_media":0,"parent":0,"menu_order":0,"comment_status":"closed","ping_status":"closed","template":"","meta":{"footnotes":""},"class_list":["post-759","page","type-page","status-publish","hentry"],"_links":{"self":[{"href":"https:\/\/www.anjagrupp.cy\/en\/wp-json\/wp\/v2\/pages\/759","targetHints":{"allow":["GET"]}}],"collection":[{"href":"https:\/\/www.anjagrupp.cy\/en\/wp-json\/wp\/v2\/pages"}],"about":[{"href":"https:\/\/www.anjagrupp.cy\/en\/wp-json\/wp\/v2\/types\/page"}],"author":[{"embeddable":true,"href":"https:\/\/www.anjagrupp.cy\/en\/wp-json\/wp\/v2\/users\/1"}],"replies":[{"embeddable":true,"href":"https:\/\/www.anjagrupp.cy\/en\/wp-json\/wp\/v2\/comments?post=759"}],"version-history":[{"count":3,"href":"https:\/\/www.anjagrupp.cy\/en\/wp-json\/wp\/v2\/pages\/759\/revisions"}],"predecessor-version":[{"id":764,"href":"https:\/\/www.anjagrupp.cy\/en\/wp-json\/wp\/v2\/pages\/759\/revisions\/764"}],"wp:attachment":[{"href":"https:\/\/www.anjagrupp.cy\/en\/wp-json\/wp\/v2\/media?parent=759"}],"curies":[{"name":"wp","href":"https:\/\/api.w.org\/{rel}","templated":true}]}}