{"id":729,"date":"2025-03-11T17:00:29","date_gmt":"2025-03-11T14:00:29","guid":{"rendered":"https:\/\/www.anjagrupp.cy\/kontakt\/"},"modified":"2025-10-15T09:51:20","modified_gmt":"2025-10-15T06:51:20","slug":"kontakt","status":"publish","type":"page","link":"https:\/\/www.anjagrupp.cy\/sv\/kontakt\/","title":{"rendered":"Kontakt"},"content":{"rendered":"<div class=\"wpb-content-wrapper\"><p>[vc_row css_animation=&#8221;&#8221; row_type=&#8221;row&#8221; use_row_as_full_screen_section=&#8221;no&#8221; type=&#8221;full_width&#8221; angled_section=&#8221;no&#8221; text_align=&#8221;left&#8221; background_image_as_pattern=&#8221;without_pattern&#8221;][vc_column][vc_gmaps link=&#8221;#E-8_JTNDaWZyYW1lJTIwc3JjJTNEJTIyaHR0cHMlM0ElMkYlMkZ3d3cuZ29vZ2xlLmNvbSUyRm1hcHMlMkZlbWJlZCUzRnBiJTNEJTIxMW0xOCUyMTFtMTIlMjExbTMlMjExZDMyMDcuODY5OTcwNzY2Nzc2JTIxMmQzMy42MDkwNTE0MTUwNzQyNCUyMTNkMzQuOTEyMTc2Nzc5MzcwNTc2JTIxMm0zJTIxMWYwJTIxMmYwJTIxM2YwJTIxM20yJTIxMWkxMDI0JTIxMmk3NjglMjE0ZjEzLjElMjEzbTMlMjExbTIlMjExczB4MTRlMDlkNDA1ZGM0MzU3ZiUyNTNBMHgyMjYwM2Q0NDEwZGJkZmQ1JTIxMnNIYWlyJTI1MjAlMjUyNiUyNTIwQmVhdXR5JTI1MjBieSUyNTIwQW5qYSUyNTIwR3J1cHAlMjUyMEdlcm1hbiUyNTIwaGFpcnN0eWxpc3QlMjE1ZTElMjEzbTIlMjExc2RlJTIxMnNkZSUyMTR2MTYzMTAwNDYyMzc0OSUyMTVtMiUyMTFzZGUlMjEyc2RlJTIyJTIwd2lkdGglM0QlMjIxMDAlMjUlMjIlMjBoZWlnaHQlM0QlMjI0NTAlMjIlMjBmcmFtZWJvcmRlciUzRCUyMjAlMjIlMjBzdHlsZSUzRCUyMmJvcmRlciUzQTAlMjIlMjBhbGxvd2Z1bGxzY3JlZW4lM0UlM0MlMkZpZnJhbWUlM0U=&#8221;][\/vc_column][\/vc_row][vc_row css_animation=&#8221;&#8221; row_type=&#8221;row&#8221; use_row_as_full_screen_section=&#8221;no&#8221; type=&#8221;grid&#8221; angled_section=&#8221;no&#8221; text_align=&#8221;left&#8221; background_image_as_pattern=&#8221;without_pattern&#8221; z_index=&#8221;&#8221; css=&#8221;.vc_custom_1510664964919{padding-top: 115px !important;padding-bottom: 14px !important;}&#8221;][vc_column offset=&#8221;vc_col-md-5&#8243;][qode_elements_holder number_of_columns=&#8221;one_column&#8221;][qode_elements_holder_item advanced_animations=&#8221;no&#8221; item_padding=&#8221;0px 8% 0px 0px&#8221;]\n<div class=\"wpcf7 no-js\" id=\"wpcf7-f150-o1\" lang=\"en-US\" dir=\"ltr\" data-wpcf7-id=\"150\">\n<div class=\"screen-reader-response\"><p role=\"status\" aria-live=\"polite\" aria-atomic=\"true\"><\/p> <ul><\/ul><\/div>\n<form action=\"\/sv\/wp-json\/wp\/v2\/pages\/729#wpcf7-f150-o1\" method=\"post\" class=\"wpcf7-form init cf7_custom_style_1\" aria-label=\"Contact form\" novalidate=\"novalidate\" data-status=\"init\">\n<fieldset class=\"hidden-fields-container\"><input type=\"hidden\" name=\"_wpcf7\" value=\"150\" \/><input type=\"hidden\" name=\"_wpcf7_version\" value=\"6.1.5\" \/><input type=\"hidden\" name=\"_wpcf7_locale\" value=\"en_US\" \/><input type=\"hidden\" name=\"_wpcf7_unit_tag\" value=\"wpcf7-f150-o1\" \/><input type=\"hidden\" name=\"_wpcf7_container_post\" value=\"0\" \/><input type=\"hidden\" name=\"_wpcf7_posted_data_hash\" value=\"\" \/><input type=\"hidden\" name=\"_wpcf7_recaptcha_response\" value=\"\" \/>\n<\/fieldset>\n<div><span class=\"wpcf7-form-control-wrap\" data-name=\"text-322\"><input size=\"40\" maxlength=\"400\" class=\"wpcf7-form-control wpcf7-text\" aria-invalid=\"false\" placeholder=\"Name\" value=\"\" type=\"text\" name=\"text-322\" \/><\/span><\/div>\n<div><span class=\"wpcf7-form-control-wrap\" data-name=\"email-326\"><input size=\"40\" maxlength=\"400\" class=\"wpcf7-form-control wpcf7-email wpcf7-text wpcf7-validates-as-email\" aria-invalid=\"false\" placeholder=\"eMail\" value=\"\" type=\"email\" name=\"email-326\" \/><\/span><\/div>\n<div><span class=\"wpcf7-form-control-wrap\" data-name=\"tel-606\"><input size=\"40\" maxlength=\"400\" class=\"wpcf7-form-control wpcf7-tel wpcf7-text wpcf7-validates-as-tel\" aria-invalid=\"false\" placeholder=\"Phone\" value=\"\" type=\"tel\" name=\"tel-606\" \/><\/span><\/div>\n<div><span class=\"wpcf7-form-control-wrap\" data-name=\"textarea-836\"><textarea cols=\"40\" rows=\"10\" maxlength=\"2000\" class=\"wpcf7-form-control wpcf7-textarea\" aria-invalid=\"false\" placeholder=\"Message\" name=\"textarea-836\"><\/textarea><\/span><\/div>\n<input class=\"wpcf7-form-control wpcf7-submit has-spinner\" type=\"submit\" value=\"Send Us A Message\" \/><p style=\"display: none !important;\" class=\"akismet-fields-container\" data-prefix=\"_wpcf7_ak_\"><label>&#916;<textarea name=\"_wpcf7_ak_hp_textarea\" cols=\"45\" rows=\"8\" maxlength=\"100\"><\/textarea><\/label><input type=\"hidden\" id=\"ak_js_1\" name=\"_wpcf7_ak_js\" value=\"151\"\/><script>document.getElementById( \"ak_js_1\" ).setAttribute( \"value\", ( new Date() ).getTime() );<\/script><\/p><div class=\"wpcf7-response-output\" aria-hidden=\"true\"><\/div>\n<\/form>\n<\/div>\n[vc_empty_space height=&#8221;60px&#8221;][\/qode_elements_holder_item][\/qode_elements_holder][\/vc_column][vc_column css=&#8221;.vc_custom_1510665036384{margin-top: 8px !important;}&#8221; offset=&#8221;vc_col-md-7&#8243;][qode_elements_holder number_of_columns=&#8221;one_column&#8221;][qode_elements_holder_item advanced_animations=&#8221;no&#8221; item_padding=&#8221;0px 5% 0px 0px&#8221;][vc_column_text]<\/p>\n<h2>Kontakta eller bes\u00f6k oss<\/h2>\n<p>[\/vc_column_text][vc_empty_space height=&#8221;24px&#8221;][vc_column_text css=&#8221;&#8221;]Du kan n\u00e4r som helst kontakta oss f\u00f6r att boka tid eller f\u00f6r allm\u00e4nna fr\u00e5gor &#8211; vi ser fram emot ditt bes\u00f6k!<\/p>\n<p><strong>H\u00e5r &amp; Sk\u00f6nhet av Anja Grupp<\/strong><br \/>Leoforos Stadiou 5<br \/>Aradippou 7103, Larnaca, Cypern[\/vc_column_text][vc_empty_space height=&#8221;42px&#8221;][vc_column_text]<span data-type=\"normal\"  class=\"qode_icon_shortcode  q_font_awsome_icon fa-lg  \" style=\"margin: 0px 12px 0px 0px; \"><i class=\"qodef-icon-dripicons dripicon dripicons-message qode_icon_element\" style=\"font-size: 20px;color: #000;\" ><\/i><\/span> <span style=\"color: #777;\"><a href=\"mailto:salon@anjagrupp.cy\">salon@anjagrupp.cy<\/a><\/span>[\/vc_column_text][vc_empty_space height=&#8221;18px&#8221;]<div class='q_icon_with_title tiny normal_icon left_from_title '><div class=\"icon_text_holder\" style=\"\"><div class=\"icon_text_inner\" style=\"\"><div class=\"icon_title_holder\"><div class=\"icon_holder \" style=\" \"><span data-icon-type=\"normal\" class=\"qode_iwt_icon_holder q_font_awsome_icon fa-lg  \"><i class=\"qode_icon_font_awesome fa fa-phone qode_iwt_icon_element\" style=\"color: #000000\"><\/i><\/span><\/div><h4 class=\"icon_title\" style=\"\">+357 24 251 034<\/h4><\/div><p style=''><\/p><\/div><\/div><\/div><div class='q_icon_with_title tiny normal_icon left_from_title '><div class=\"icon_text_holder\" style=\"\"><div class=\"icon_text_inner\" style=\"\"><div class=\"icon_title_holder\"><div class=\"icon_holder \" style=\" \"><span data-icon-type=\"normal\" class=\"qode_iwt_icon_holder q_font_awsome_icon fa-lg  \"><i class=\"qode_icon_font_awesome fa fa-whatsapp qode_iwt_icon_element\" style=\"color: #000000\"><\/i><\/span><\/div><h4 class=\"icon_title\" style=\"\">+49 170 440 0778<\/h4><\/div><p style=''><\/p><\/div><\/div><\/div>[vc_empty_space height=&#8221;60px&#8221;][\/qode_elements_holder_item][\/qode_elements_holder][\/vc_column][\/vc_row]<\/p>\n<\/div>","protected":false},"excerpt":{"rendered":"<p>[vc_row css_animation=&#8221;&#8221; row_type=&#8221;row&#8221; use_row_as_full_screen_section=&#8221;no&#8221; type=&#8221;full_width&#8221; angled_section=&#8221;no&#8221; text_align=&#8221;left&#8221; background_image_as_pattern=&#8221;without_pattern&#8221;][vc_column][vc_gmaps link=&#8221;#E-8_JTNDaWZyYW1lJTIwc3JjJTNEJTIyaHR0cHMlM0ElMkYlMkZ3d3cuZ29vZ2xlLmNvbSUyRm1hcHMlMkZlbWJlZCUzRnBiJTNEJTIxMW0xOCUyMTFtMTIlMjExbTMlMjExZDMyMDcuODY5OTcwNzY2Nzc2JTIxMmQzMy42MDkwNTE0MTUwNzQyNCUyMTNkMzQuOTEyMTc2Nzc5MzcwNTc2JTIxMm0zJTIxMWYwJTIxMmYwJTIxM2YwJTIxM20yJTIxMWkxMDI0JTIxMmk3NjglMjE0ZjEzLjElMjEzbTMlMjExbTIlMjExczB4MTRlMDlkNDA1ZGM0MzU3ZiUyNTNBMHgyMjYwM2Q0NDEwZGJkZmQ1JTIxMnNIYWlyJTI1MjAlMjUyNiUyNTIwQmVhdXR5JTI1MjBieSUyNTIwQW5qYSUyNTIwR3J1cHAlMjUyMEdlcm1hbiUyNTIwaGFpcnN0eWxpc3QlMjE1ZTElMjEzbTIlMjExc2RlJTIxMnNkZSUyMTR2MTYzMTAwNDYyMzc0OSUyMTVtMiUyMTFzZGUlMjEyc2RlJTIyJTIwd2lkdGglM0QlMjIxMDAlMjUlMjIlMjBoZWlnaHQlM0QlMjI0NTAlMjIlMjBmcmFtZWJvcmRlciUzRCUyMjAlMjIlMjBzdHlsZSUzRCUyMmJvcmRlciUzQTAlMjIlMjBhbGxvd2Z1bGxzY3JlZW4lM0UlM0MlMkZpZnJhbWUlM0U=&#8221;][\/vc_column][\/vc_row][vc_row css_animation=&#8221;&#8221; row_type=&#8221;row&#8221; use_row_as_full_screen_section=&#8221;no&#8221; type=&#8221;grid&#8221; angled_section=&#8221;no&#8221; text_align=&#8221;left&#8221; background_image_as_pattern=&#8221;without_pattern&#8221; z_index=&#8221;&#8221; css=&#8221;.vc_custom_1510664964919{padding-top: 115px !important;padding-bottom: 14px !important;}&#8221;][vc_column offset=&#8221;vc_col-md-5&#8243;][qode_elements_holder number_of_columns=&#8221;one_column&#8221;][qode_elements_holder_item advanced_animations=&#8221;no&#8221; item_padding=&#8221;0px 8% 0px 0px&#8221;][vc_empty_space height=&#8221;60px&#8221;][\/qode_elements_holder_item][\/qode_elements_holder][\/vc_column][vc_column css=&#8221;.vc_custom_1510665036384{margin-top: 8px !important;}&#8221; offset=&#8221;vc_col-md-7&#8243;][qode_elements_holder number_of_columns=&#8221;one_column&#8221;][qode_elements_holder_item advanced_animations=&#8221;no&#8221; item_padding=&#8221;0px 5% 0px 0px&#8221;][vc_column_text] Kontakta eller bes\u00f6k oss [\/vc_column_text][vc_empty_space&#8230;<\/p>\n","protected":false},"author":1,"featured_media":0,"parent":0,"menu_order":0,"comment_status":"closed","ping_status":"closed","template":"full_width.php","meta":{"footnotes":""},"class_list":["post-729","page","type-page","status-publish","hentry"],"_links":{"self":[{"href":"https:\/\/www.anjagrupp.cy\/sv\/wp-json\/wp\/v2\/pages\/729","targetHints":{"allow":["GET"]}}],"collection":[{"href":"https:\/\/www.anjagrupp.cy\/sv\/wp-json\/wp\/v2\/pages"}],"about":[{"href":"https:\/\/www.anjagrupp.cy\/sv\/wp-json\/wp\/v2\/types\/page"}],"author":[{"embeddable":true,"href":"https:\/\/www.anjagrupp.cy\/sv\/wp-json\/wp\/v2\/users\/1"}],"replies":[{"embeddable":true,"href":"https:\/\/www.anjagrupp.cy\/sv\/wp-json\/wp\/v2\/comments?post=729"}],"version-history":[{"count":4,"href":"https:\/\/www.anjagrupp.cy\/sv\/wp-json\/wp\/v2\/pages\/729\/revisions"}],"predecessor-version":[{"id":809,"href":"https:\/\/www.anjagrupp.cy\/sv\/wp-json\/wp\/v2\/pages\/729\/revisions\/809"}],"wp:attachment":[{"href":"https:\/\/www.anjagrupp.cy\/sv\/wp-json\/wp\/v2\/media?parent=729"}],"curies":[{"name":"wp","href":"https:\/\/api.w.org\/{rel}","templated":true}]}}