{"id":732,"date":"2025-03-11T17:07:53","date_gmt":"2025-03-11T14:07:53","guid":{"rendered":"https:\/\/www.anjagrupp.cy\/hem\/"},"modified":"2025-11-30T19:02:11","modified_gmt":"2025-11-30T16:02:11","slug":"hem","status":"publish","type":"page","link":"https:\/\/www.anjagrupp.cy\/sv\/","title":{"rendered":"Hem"},"content":{"rendered":"<div class=\"wpb-content-wrapper\"><p>[vc_row css_animation=&#8221;&#8221; row_type=&#8221;row&#8221; use_row_as_full_screen_section=&#8221;no&#8221; type=&#8221;full_width&#8221; angled_section=&#8221;no&#8221; text_align=&#8221;left&#8221; background_image_as_pattern=&#8221;without_pattern&#8221;][vc_column][rev_slider_vc alias=&#8221;slider-2&#8243;][\/vc_column][\/vc_row][vc_row css_animation=&#8221;&#8221; row_type=&#8221;row&#8221; use_row_as_full_screen_section=&#8221;no&#8221; type=&#8221;grid&#8221; angled_section=&#8221;no&#8221; text_align=&#8221;left&#8221; background_image_as_pattern=&#8221;without_pattern&#8221; css=&#8221;.vc_custom_1510587206969{padding-top: 110px !important;padding-bottom: 100px !important;background-color: #000000 !important;}&#8221; z_index=&#8221;&#8221;][vc_column css=&#8221;.vc_custom_1510584055577{margin-top: -11px !important;}&#8221; offset=&#8221;vc_col-lg-3&#8243;][qode_elements_holder number_of_columns=&#8221;one_column&#8221;][qode_elements_holder_item advanced_animations=&#8221;no&#8221; item_padding=&#8221;0px 0px 0px 17%&#8221; item_padding_1280_1440=&#8221;0px&#8221; item_padding_1024_1280=&#8221;0px&#8221; item_padding_768_1024=&#8221;0px 0px 40px 54%&#8221; item_padding_600_768=&#8221;0px 0px 40px 26%&#8221; item_padding_480_600=&#8221;0px&#8221; item_padding_480=&#8221;0px&#8221;][vc_column_text]<\/p>\n<h1 style=\"text-align: right;\"><span style=\"color: #ffffff;\">Arbetstid<\/span><\/h1>\n<p>[\/vc_column_text][vc_separator type=&#8221;small&#8221; position=&#8221;right&#8221; color=&#8221;#ffffff&#8221; thickness=&#8221;5&#8243; width=&#8221;80&#8243; up=&#8221;19&#8243;][\/qode_elements_holder_item][\/qode_elements_holder][\/vc_column][vc_column width=&#8221;1\/12&#8243;][\/vc_column][vc_column offset=&#8221;vc_col-lg-8&#8243;][vc_row_inner row_type=&#8221;row&#8221; type=&#8221;full_width&#8221; text_align=&#8221;left&#8221; css_animation=&#8221;&#8221;][vc_column_inner width=&#8221;1\/2&#8243; offset=&#8221;vc_col-xs-12&#8243;][vc_column_text]<\/p>\n<h3 style=\"text-align: left;\"><span style=\"color: #ffffff;\">M\u00e5ndag:<\/span><\/h3>\n<p>[\/vc_column_text][\/vc_column_inner][vc_column_inner width=&#8221;1\/2&#8243; offset=&#8221;vc_col-xs-12&#8243;][vc_column_text]<\/p>\n<h3 style=\"text-align: right;\"><span style=\"color: #ffffff;\">9.o0 &gt; 13.00<\/span><\/h3>\n<h3 style=\"text-align: right;\"><span style=\"color: #ffffff;\">15.00&gt; 19.00<\/span><\/h3>\n<p>[\/vc_column_text][\/vc_column_inner][\/vc_row_inner][vc_separator type=&#8221;normal&#8221; color=&#8221;rgba(255,255,255,0.6)&#8221; thickness=&#8221;1&#8243; up=&#8221;15&#8243; down=&#8221;15&#8243;][vc_row_inner row_type=&#8221;row&#8221; type=&#8221;full_width&#8221; text_align=&#8221;left&#8221; css_animation=&#8221;&#8221;][vc_column_inner width=&#8221;1\/2&#8243;][vc_column_text]<\/p>\n<h3 style=\"text-align: left;\"><span style=\"color: #ffffff;\">Tisdag:<\/span><\/h3>\n<p>[\/vc_column_text][\/vc_column_inner][vc_column_inner width=&#8221;1\/2&#8243;][vc_column_text]<\/p>\n<h3 style=\"text-align: right;\"><span style=\"color: #ffffff;\">9.o0 &gt; 13.00<\/span><\/h3>\n<h3 style=\"text-align: right;\"><span style=\"color: #ffffff;\">15.00&gt; 19.00<\/span><\/h3>\n<p>[\/vc_column_text][\/vc_column_inner][\/vc_row_inner][vc_separator type=&#8221;normal&#8221; color=&#8221;rgba(255,255,255,0.6)&#8221; thickness=&#8221;1&#8243; up=&#8221;15&#8243; down=&#8221;15&#8243;][vc_row_inner row_type=&#8221;row&#8221; type=&#8221;full_width&#8221; text_align=&#8221;left&#8221; css_animation=&#8221;&#8221;][vc_column_inner width=&#8221;1\/2&#8243;][vc_column_text]<\/p>\n<h3 style=\"text-align: left;\"><span style=\"color: #ffffff;\">Onsdag:<\/span><\/h3>\n<p>[\/vc_column_text][\/vc_column_inner][vc_column_inner width=&#8221;1\/2&#8243;][vc_column_text]<\/p>\n<h3 style=\"text-align: right;\"><span style=\"color: #ffffff;\">9.00 &gt; 13.00<\/span><\/h3>\n<h3 style=\"text-align: right;\"><span style=\"color: #ffffff;\">16.00 &gt; 20.00<\/span><\/h3>\n<p>[\/vc_column_text][\/vc_column_inner][\/vc_row_inner][vc_separator type=&#8221;normal&#8221; color=&#8221;rgba(255,255,255,0.6)&#8221; thickness=&#8221;1&#8243; up=&#8221;15&#8243; down=&#8221;15&#8243;][vc_row_inner row_type=&#8221;row&#8221; type=&#8221;full_width&#8221; text_align=&#8221;left&#8221; css_animation=&#8221;&#8221;][vc_column_inner width=&#8221;1\/2&#8243;][vc_column_text]<\/p>\n<h3 style=\"text-align: left;\"><span style=\"color: #ffffff;\">Torsdag:<\/span><\/h3>\n<p>[\/vc_column_text][\/vc_column_inner][vc_column_inner width=&#8221;1\/2&#8243;][vc_column_text]<\/p>\n<h3 style=\"text-align: right;\"><span style=\"color: #ffffff;\">St\u00e4ngt<\/span><\/h3>\n<p>[\/vc_column_text][\/vc_column_inner][\/vc_row_inner][vc_separator type=&#8221;normal&#8221; color=&#8221;rgba(255,255,255,0.6)&#8221; thickness=&#8221;1&#8243; up=&#8221;15&#8243; down=&#8221;15&#8243;][vc_row_inner row_type=&#8221;row&#8221; type=&#8221;full_width&#8221; text_align=&#8221;left&#8221; css_animation=&#8221;&#8221;][vc_column_inner width=&#8221;1\/2&#8243;][vc_column_text]<\/p>\n<h3 style=\"text-align: left;\"><span style=\"color: #ffffff;\">Fredag:<\/span><\/h3>\n<p>[\/vc_column_text][\/vc_column_inner][vc_column_inner width=&#8221;1\/2&#8243;][vc_column_text]<\/p>\n<h3 style=\"text-align: right;\"><span style=\"color: #ffffff;\">9.o0 &gt; 13.00<\/span><\/h3>\n<h3 style=\"text-align: right;\"><span style=\"color: #ffffff;\">15.00&gt; 19.00<\/span><\/h3>\n<p>[\/vc_column_text][\/vc_column_inner][\/vc_row_inner][vc_separator type=&#8221;normal&#8221; color=&#8221;rgba(255,255,255,0.6)&#8221; thickness=&#8221;1&#8243; up=&#8221;15&#8243; down=&#8221;15&#8243;][vc_row_inner row_type=&#8221;row&#8221; type=&#8221;full_width&#8221; text_align=&#8221;left&#8221; css_animation=&#8221;&#8221;][vc_column_inner width=&#8221;1\/2&#8243;][vc_column_text]<\/p>\n<h3 style=\"text-align: left;\"><span style=\"color: #ffffff;\">L\u00f6rdag:<\/span><\/h3>\n<p>[\/vc_column_text][\/vc_column_inner][vc_column_inner width=&#8221;1\/2&#8243;][vc_column_text]<\/p>\n<h3 style=\"text-align: right;\"><span style=\"color: #ffffff;\">9.00 &gt; 14.00<\/span><\/h3>\n<p>[\/vc_column_text][\/vc_column_inner][\/vc_row_inner][vc_separator type=&#8221;normal&#8221; color=&#8221;rgba(255,255,255,0.6)&#8221; thickness=&#8221;1&#8243; up=&#8221;15&#8243; down=&#8221;15&#8243;][vc_row_inner row_type=&#8221;row&#8221; type=&#8221;full_width&#8221; text_align=&#8221;left&#8221; css_animation=&#8221;&#8221;][vc_column_inner width=&#8221;1\/2&#8243;][vc_column_text]<\/p>\n<h3 style=\"text-align: left;\"><span style=\"color: #ffffff;\">S\u00f6ndag:<\/span><\/h3>\n<p>[\/vc_column_text][\/vc_column_inner][vc_column_inner width=&#8221;1\/2&#8243;][vc_column_text]<\/p>\n<h3 style=\"text-align: right;\"><span style=\"color: #ffffff;\">St\u00e4ngt<\/span><\/h3>\n<p>[\/vc_column_text][\/vc_column_inner][\/vc_row_inner][\/vc_column][\/vc_row][vc_row css_animation=&#8221;&#8221; row_type=&#8221;row&#8221; use_row_as_full_screen_section=&#8221;no&#8221; type=&#8221;full_width&#8221; angled_section=&#8221;no&#8221; text_align=&#8221;left&#8221; background_image_as_pattern=&#8221;without_pattern&#8221; css=&#8221;.vc_custom_1510331656731{background-image: url(http:\/\/bridge109.qodeinteractive.com\/wp-content\/uploads\/2017\/11\/home-background-img.jpg?id=15) !important;background-position: center !important;background-repeat: no-repeat !important;background-size: cover !important;}&#8221;][vc_column][qode_elements_holder number_of_columns=&#8221;two_columns&#8221; switch_to_one_column=&#8221;1000&#8243; alignment_one_column=&#8221;left&#8221;][qode_elements_holder_item advanced_animations=&#8221;no&#8221; item_padding=&#8221;0px 3% 0px 1%&#8221;][vc_single_image image=&#8221;819&#8243; img_size=&#8221;full&#8221; alignment=&#8221;center&#8221; css=&#8221;&#8221; qode_css_animation=&#8221;&#8221;][\/qode_elements_holder_item][qode_elements_holder_item advanced_animations=&#8221;no&#8221; item_padding=&#8221;0px 50% 0px 0px&#8221; item_padding_1280_1440=&#8221;0px 32% 0px 0px&#8221; item_padding_1024_1280=&#8221;0px 25% 0px 0px&#8221; item_padding_768_1024=&#8221;0px 7% 0px 0px&#8221; item_padding_600_768=&#8221;80px 12% 60px&#8221; item_padding_480_600=&#8221;80px 10% 60px&#8221; item_padding_480=&#8221;80px 10% 60px&#8221;][vc_single_image image=&#8221;250&#8243; img_size=&#8221;full&#8221; qode_css_animation=&#8221;&#8221;][vc_empty_space height=&#8221;8px&#8221;][vc_column_text]<\/p>\n<h3>Fris\u00f6r och stylist i Larnaca, Cypern<\/h3>\n<p>[\/vc_column_text][vc_empty_space height=&#8221;25px&#8221;][vc_column_text]<br \/>\nHair &amp; Beauty har funnits sedan 1994, f\u00f6rst i Tyskland och nu p\u00e5 Cypern. \u00c4garen har varit fris\u00f6r som egenf\u00f6retagare i \u00f6ver 25 \u00e5r. Hennes passion \u00e4r klippning, slingor och f\u00e4rgning, och hon anv\u00e4nder sig av h\u00f6gkvalitativa produkter. Det \u00e4r inte f\u00f6r inte som Anja Grupps slogan lyder: &#8221;H\u00e5r \u00e4r min passion!&#8221; Den tyska fris\u00f6ren\/hairstylisten du litar p\u00e5 i Larnaca!<br \/>\n[\/vc_column_text][vc_empty_space height=&#8221;22px&#8221;][\/qode_elements_holder_item][\/qode_elements_holder][vc_row_inner row_type=&#8221;row&#8221; type=&#8221;grid&#8221; text_align=&#8221;center&#8221; css_animation=&#8221;&#8221; css=&#8221;.vc_custom_1510587227569{padding-bottom: 100px !important;}&#8221;][vc_column_inner][vc_single_image image=&#8221;25&#8243; img_size=&#8221;full&#8221; alignment=&#8221;center&#8221; qode_css_animation=&#8221;&#8221;][vc_empty_space height=&#8221;7px&#8221;][vc_column_text]<\/p>\n<h1 style=\"text-align: center;\">V\u00e5r salong<\/h1>\n<p>[\/vc_column_text][vc_separator type=&#8221;small&#8221; position=&#8221;center&#8221; color=&#8221;#000000&#8243; thickness=&#8221;5&#8243; width=&#8221;80&#8243; up=&#8221;20&#8243;][vc_empty_space height=&#8221;50px&#8221;]<div class=\"qode-advanced-image-gallery  qode-aig-masonry-type qode-small-space  qode-image-behavior-zoom qode-aig-images-fixed\">\n\t<div class=\"qode-aig-inner qode-outer-space qode-aig-masonry qode-aig-four-columns\">\n\t\t<div class=\"qode-aig-grid-sizer\"><\/div>\n\t\t<div class=\"qode-aig-grid-gutter\"><\/div>\n\t\t\t\t\t\t\t\t<div class=\"qode-aig-image qode-item-space qode-aig-default-masonry-item\">\n\t\t\t\t<div class=\"qode-aig-image-inner\">\n\t\t\t\t\t\t\t\t\t\t\t\t\t\t\t\t\t<span class=\"aig-gallery-hover\">\n\t\t\t\t\t\t\t\t\t\t\t\t\t<\/span>\n\t\t\t\t\t\t\t\t\t<\/div>\n\t\t\t<\/div>\n\t\t\t\t\t\t\t\t\t\t\t<div class=\"qode-aig-image qode-item-space qode-aig-default-masonry-item\">\n\t\t\t\t<div class=\"qode-aig-image-inner\">\n\t\t\t\t\t\t\t\t\t\t\t\t\t\t\t\t\t<span class=\"aig-gallery-hover\">\n\t\t\t\t\t\t\t\t\t\t\t\t\t<\/span>\n\t\t\t\t\t\t\t\t\t<\/div>\n\t\t\t<\/div>\n\t\t\t\t\t\t\t\t\t\t\t<div class=\"qode-aig-image qode-item-space qode-aig-default-masonry-item\">\n\t\t\t\t<div class=\"qode-aig-image-inner\">\n\t\t\t\t\t\t\t\t\t\t\t\t\t\t\t\t\t<span class=\"aig-gallery-hover\">\n\t\t\t\t\t\t\t\t\t\t\t\t\t<\/span>\n\t\t\t\t\t\t\t\t\t<\/div>\n\t\t\t<\/div>\n\t\t\t\t\t\t\t\t\t\t\t<div class=\"qode-aig-image qode-item-space qode-aig-default-masonry-item\">\n\t\t\t\t<div class=\"qode-aig-image-inner\">\n\t\t\t\t\t\t\t\t\t\t\t\t\t\t\t\t\t<span class=\"aig-gallery-hover\">\n\t\t\t\t\t\t\t\t\t\t\t\t\t<\/span>\n\t\t\t\t\t\t\t\t\t<\/div>\n\t\t\t<\/div>\n\t\t\t\t\t\t\t\t\t\t\t<div class=\"qode-aig-image qode-item-space qode-aig-default-masonry-item\">\n\t\t\t\t<div class=\"qode-aig-image-inner\">\n\t\t\t\t\t\t\t\t\t\t\t\t\t\t\t\t\t<span class=\"aig-gallery-hover\">\n\t\t\t\t\t\t\t\t\t\t\t\t\t<\/span>\n\t\t\t\t\t\t\t\t\t<\/div>\n\t\t\t<\/div>\n\t\t\t\t\t\t\t\t\t\t\t<div class=\"qode-aig-image qode-item-space qode-aig-default-masonry-item\">\n\t\t\t\t<div class=\"qode-aig-image-inner\">\n\t\t\t\t\t\t\t\t\t\t\t\t\t\t\t\t\t<span class=\"aig-gallery-hover\">\n\t\t\t\t\t\t\t\t\t\t\t\t\t<\/span>\n\t\t\t\t\t\t\t\t\t<\/div>\n\t\t\t<\/div>\n\t\t\t\t\t\t<\/div>\n<\/div>[vc_empty_space height=&#8221;50px&#8221;][vc_separator type=&#8221;small&#8221; position=&#8221;center&#8221; color=&#8221;#000000&#8243; thickness=&#8221;5&#8243; width=&#8221;80&#8243; up=&#8221;20&#8243;][vc_column_text]<\/p>\n<h1 style=\"text-align: center;\">Livsstil<\/h1>\n<p>[\/vc_column_text][vc_empty_space height=&#8221;50px&#8221;][vc_column_text]<\/p>\n<h4 style=\"text-align: center;\">H\u00e5r \u00e4r ett s\u00e4tt att leva! F\u00f6r att f\u00f6r\u00e4ndra det beh\u00f6ver du mod och l\u00e4mplig professionell r\u00e5dgivning.<\/h4>\n<h4 style=\"text-align: center;\">Hos mig f\u00e5r du alltid en \u00e4rlig bed\u00f6mning och analys av ditt h\u00e5rs tillst\u00e5nd och dess typanpassade m\u00f6jligheter.<\/h4>\n<h4 style=\"text-align: center;\"><\/h4>\n<h4 style=\"text-align: center;\">Jag anv\u00e4nder utvalda produkter av h\u00f6g kvalitet och anv\u00e4nder endast absolut n\u00f6dv\u00e4ndiga kemiska produkter.<\/h4>\n<p>[\/vc_column_text][\/vc_column_inner][\/vc_row_inner][\/vc_column][\/vc_row][vc_row css_animation=&#8221;&#8221; row_type=&#8221;row&#8221; use_row_as_full_screen_section=&#8221;no&#8221; type=&#8221;full_width&#8221; angled_section=&#8221;no&#8221; text_align=&#8221;left&#8221; background_image_as_pattern=&#8221;without_pattern&#8221;][vc_column]<div class=\"qode_video_box\">\n\t<a itemprop=\"image\" class=\"qode_video_image\" href=\"https:\/\/vimeo.com\/60512487\" data-rel=\"prettyPhoto\">\n\t\t\t\t\t<img fetchpriority=\"high\" decoding=\"async\" width=\"1920\" height=\"520\" src=\"https:\/\/www.anjagrupp.cy\/wp-content\/uploads\/2017\/11\/home-video-box.jpg\" class=\"attachment-full size-full\" alt=\"a\" srcset=\"https:\/\/www.anjagrupp.cy\/wp-content\/uploads\/2017\/11\/home-video-box.jpg 1920w, https:\/\/www.anjagrupp.cy\/wp-content\/uploads\/2017\/11\/home-video-box-300x81.jpg 300w, https:\/\/www.anjagrupp.cy\/wp-content\/uploads\/2017\/11\/home-video-box-1024x277.jpg 1024w, https:\/\/www.anjagrupp.cy\/wp-content\/uploads\/2017\/11\/home-video-box-768x208.jpg 768w, https:\/\/www.anjagrupp.cy\/wp-content\/uploads\/2017\/11\/home-video-box-1536x416.jpg 1536w, https:\/\/www.anjagrupp.cy\/wp-content\/uploads\/2017\/11\/home-video-box-700x190.jpg 700w\" sizes=\"(max-width: 1920px) 100vw, 1920px\" \/>\t\t\t<span class=\"qode_video_box_button_holder\">\n\t\t\t\t<span class=\"qode_video_box_button\">\n\t\t\t\t\t<span class=\"qode_video_box_button_arrow\">\n\t\t\t\t\t<\/span>\n\t\t\t\t<\/span>\n\t\t\t<\/span>\n\t\t\t<\/a>\n<\/div>[\/vc_column][\/vc_row][vc_row css_animation=&#8221;&#8221; row_type=&#8221;row&#8221; use_row_as_full_screen_section=&#8221;no&#8221; type=&#8221;grid&#8221; angled_section=&#8221;no&#8221; text_align=&#8221;center&#8221; background_image_as_pattern=&#8221;without_pattern&#8221; background_image=&#8221;18&#8243; z_index=&#8221;&#8221; css=&#8221;.vc_custom_1510757103503{padding-top: 102px !important;padding-bottom: 110px !important;}&#8221;][vc_column][vc_single_image image=&#8221;237&#8243; img_size=&#8221;full&#8221; alignment=&#8221;center&#8221; qode_css_animation=&#8221;&#8221;][vc_empty_space height=&#8221;14px&#8221;][vc_column_text]<\/p>\n<h2>Vad de s\u00e4ger<\/h2>\n<p>[\/vc_column_text][vc_empty_space height=&#8221;22px&#8221;][qode_elements_holder number_of_columns=&#8221;one_column&#8221;][qode_elements_holder_item horizontal_alignment=&#8221;center&#8221; advanced_animations=&#8221;no&#8221; item_padding=&#8221;0px 17%&#8221; item_padding_1024_1280=&#8221;0px 12%&#8221; item_padding_768_1024=&#8221;0px&#8221; item_padding_600_768=&#8221;0px&#8221; item_padding_480_600=&#8221;0px&#8221; item_padding_480=&#8221;0px&#8221;]<div class='testimonials_holder clearfix dark'><div class=\"testimonials testimonials_carousel\" data-show-navigation=\"yes\" data-animation-type=\"fade\" data-animation-speed=\"\" data-auto-rotate-slides=\"3\" data-number-per-slide=\"1\"><ul class=\"slides\"><li id=\"testimonials777\" class=\"testimonial_content\"><div class=\"testimonial_content_inner\"><div class=\"testimonial_text_holder\"><div class=\"testimonial_text_inner\" style=\"\"><p >Jag har inte k\u00e4nt mig s\u00e5 bekv\u00e4m och coolt stylad p\u00e5 l\u00e4nge efter en h\u00e5rtid. \ud83d\ude0e\u2b50\ud83d\udc95\r\nDen l\u00e5nga resan fr\u00e5n Polis var v\u00e4rd det. \ud83d\udc4d \ud83d\udc51\r\nP\u00e5 toppen fanns det en trevlig kafferunda p\u00e5 huset.\ud83d\ude0b\u2600\ufe0f Jag ser fram emot mitt n\u00e4sta h\u00e5rklippningsbes\u00f6k hos dig. \ud83d\ude03<\/p><p class=\"testimonial_author\" style=\"\">Sherin Rashwan<\/p><\/div><\/div><\/div><\/li><li id=\"testimonials778\" class=\"testimonial_content\"><div class=\"testimonial_content_inner\"><div class=\"testimonial_text_holder\"><div class=\"testimonial_text_inner\" style=\"\"><p >Jag ser fram emot mitt n\u00e4sta bes\u00f6k! \u00c4ven om resan \u00e4r lite l\u00e4ngre. Det \u00e4r v\u00e4rt det!<\/p><p class=\"testimonial_author\" style=\"\">Angela Wellner<\/p><\/div><\/div><\/div><\/li><li id=\"testimonials779\" class=\"testimonial_content\"><div class=\"testimonial_content_inner\"><div class=\"testimonial_text_holder\"><div class=\"testimonial_text_inner\" style=\"\"><p >F\u00f6rsta kontakten och jag \u00e4r helt \u00f6verv\u00e4ldigad!\r\nH\u00e4r hittar du absolut professionalism i kombination med kul och kreativitet.\r\nFr\u00e5n klippning till att utbyta id\u00e9er och f\u00e4rgning, allt ingick och jag \u00e4r helt n\u00f6jd!\r\nJag ser fram emot framtida m\u00f6ten och Anjas arbete \ud83d\ude42<\/p><p class=\"testimonial_author\" style=\"\">Nico Feger<\/p><\/div><\/div><\/div><\/li><\/ul><\/div><\/div>[\/qode_elements_holder_item][\/qode_elements_holder][\/vc_column][\/vc_row]<\/p>\n<\/div>","protected":false},"excerpt":{"rendered":"<p>[vc_row css_animation=&#8221;&#8221; row_type=&#8221;row&#8221; use_row_as_full_screen_section=&#8221;no&#8221; type=&#8221;full_width&#8221; angled_section=&#8221;no&#8221; text_align=&#8221;left&#8221; background_image_as_pattern=&#8221;without_pattern&#8221;][vc_column][rev_slider_vc alias=&#8221;slider-2&#8243;][\/vc_column][\/vc_row][vc_row css_animation=&#8221;&#8221; row_type=&#8221;row&#8221; use_row_as_full_screen_section=&#8221;no&#8221; type=&#8221;grid&#8221; angled_section=&#8221;no&#8221; text_align=&#8221;left&#8221; background_image_as_pattern=&#8221;without_pattern&#8221; css=&#8221;.vc_custom_1510587206969{padding-top: 110px !important;padding-bottom: 100px !important;background-color: #000000 !important;}&#8221; z_index=&#8221;&#8221;][vc_column css=&#8221;.vc_custom_1510584055577{margin-top: -11px !important;}&#8221; offset=&#8221;vc_col-lg-3&#8243;][qode_elements_holder number_of_columns=&#8221;one_column&#8221;][qode_elements_holder_item advanced_animations=&#8221;no&#8221; item_padding=&#8221;0px 0px 0px 17%&#8221; item_padding_1280_1440=&#8221;0px&#8221; item_padding_1024_1280=&#8221;0px&#8221; item_padding_768_1024=&#8221;0px 0px 40px 54%&#8221; item_padding_600_768=&#8221;0px 0px 40px 26%&#8221; item_padding_480_600=&#8221;0px&#8221;&#8230;<\/p>\n","protected":false},"author":1,"featured_media":0,"parent":0,"menu_order":0,"comment_status":"closed","ping_status":"closed","template":"full_width.php","meta":{"footnotes":""},"class_list":["post-732","page","type-page","status-publish","hentry"],"_links":{"self":[{"href":"https:\/\/www.anjagrupp.cy\/sv\/wp-json\/wp\/v2\/pages\/732","targetHints":{"allow":["GET"]}}],"collection":[{"href":"https:\/\/www.anjagrupp.cy\/sv\/wp-json\/wp\/v2\/pages"}],"about":[{"href":"https:\/\/www.anjagrupp.cy\/sv\/wp-json\/wp\/v2\/types\/page"}],"author":[{"embeddable":true,"href":"https:\/\/www.anjagrupp.cy\/sv\/wp-json\/wp\/v2\/users\/1"}],"replies":[{"embeddable":true,"href":"https:\/\/www.anjagrupp.cy\/sv\/wp-json\/wp\/v2\/comments?post=732"}],"version-history":[{"count":9,"href":"https:\/\/www.anjagrupp.cy\/sv\/wp-json\/wp\/v2\/pages\/732\/revisions"}],"predecessor-version":[{"id":830,"href":"https:\/\/www.anjagrupp.cy\/sv\/wp-json\/wp\/v2\/pages\/732\/revisions\/830"}],"wp:attachment":[{"href":"https:\/\/www.anjagrupp.cy\/sv\/wp-json\/wp\/v2\/media?parent=732"}],"curies":[{"name":"wp","href":"https:\/\/api.w.org\/{rel}","templated":true}]}}