{"id":735,"date":"2025-03-11T17:10:58","date_gmt":"2025-03-11T14:10:58","guid":{"rendered":"https:\/\/www.anjagrupp.cy\/avtryck\/"},"modified":"2025-10-15T09:46:10","modified_gmt":"2025-10-15T06:46:10","slug":"avtryck","status":"publish","type":"page","link":"https:\/\/www.anjagrupp.cy\/sv\/avtryck\/","title":{"rendered":"Avtryck"},"content":{"rendered":"\n<p><strong>Kontaktuppgifter till oss:<\/strong><\/p>\n\n<p><strong>Hair &amp; Beauty \u0432\u0456\u0434 Anja Grupp Ltd.<\/strong><\/p>\n\n<p>Leoforos Stadiou 5<\/p>\n\n<p>CY-7103 Aradippou, Larnaca<\/p>\n\n<p>Cypern<\/p>\n\n<p><strong>Tel.:<\/strong>\u00a0+357 24 251 034<br\/><strong>WhatsApp:<\/strong>\u00a0+49 170 440 0778<\/p>\n\n<p><strong>eMail:<\/strong>\u00a0<a href=\"mailto:salon@anjagrupp.cy\" data-type=\"mailto\" data-id=\"mailto:salon@anjagrupp.cy\">salon@anjagrupp.cy<\/a><br\/><strong>Internet:<\/strong>\u00a0<a href=\"https:\/\/www.anjagrupp.cy\/\" data-type=\"URL\" data-id=\"https:\/\/www.anjagrupp.cy\/\">www.anjagrupp.cy<\/a><\/p>\n\n<p><strong>F\u00f6retagsregister:<\/strong><br\/>HE420297<\/p>\n\n<p><strong>Handelsdomstol:<\/strong><br\/>Larnaca<\/p>\n\n<p><strong>Momsregistreringsnummer:<\/strong><br\/>CY<\/p>\n\n<p><\/p>\n\n<p><strong>Information om tvistl\u00f6sning online::<\/strong><\/p>\n\n<p>EU-kommissionen har skapat en internetplattform f\u00f6r tvistl\u00f6sning online (den s.k. ODR-plattformen). ODR-plattformen fungerar som en kontaktpunkt f\u00f6r tvistl\u00f6sning utanf\u00f6r domstol av tvister om avtalsenliga \u00e5taganden som h\u00e4rr\u00f6r fr\u00e5n onlinef\u00f6rs\u00e4ljningsavtal. Du kan n\u00e5 ODR-plattformen genom att klicka p\u00e5 f\u00f6ljande l\u00e4nk: <a href=\"http:\/\/ec.europa.eu\/consumers\/odr\">http:\/\/ec.europa.eu\/consumers\/odr<\/a>.<\/p>\n\n<p><\/p>\n","protected":false},"excerpt":{"rendered":"<p>Kontaktuppgifter till oss: Hair &amp; Beauty \u0432\u0456\u0434 Anja Grupp Ltd. Leoforos Stadiou 5 CY-7103 Aradippou, Larnaca Cypern Tel.:\u00a0+357 24 251 034WhatsApp:\u00a0+49 170 440 0778 eMail:\u00a0salon@anjagrupp.cyInternet:\u00a0www.anjagrupp.cy F\u00f6retagsregister:HE420297 Handelsdomstol:Larnaca Momsregistreringsnummer:CY Information om tvistl\u00f6sning online:: EU-kommissionen har skapat en internetplattform f\u00f6r tvistl\u00f6sning online (den s.k. ODR-plattformen). ODR-plattformen fungerar&#8230;<\/p>\n","protected":false},"author":1,"featured_media":0,"parent":0,"menu_order":0,"comment_status":"closed","ping_status":"open","template":"","meta":{"footnotes":""},"class_list":["post-735","page","type-page","status-publish","hentry"],"_links":{"self":[{"href":"https:\/\/www.anjagrupp.cy\/sv\/wp-json\/wp\/v2\/pages\/735","targetHints":{"allow":["GET"]}}],"collection":[{"href":"https:\/\/www.anjagrupp.cy\/sv\/wp-json\/wp\/v2\/pages"}],"about":[{"href":"https:\/\/www.anjagrupp.cy\/sv\/wp-json\/wp\/v2\/types\/page"}],"author":[{"embeddable":true,"href":"https:\/\/www.anjagrupp.cy\/sv\/wp-json\/wp\/v2\/users\/1"}],"replies":[{"embeddable":true,"href":"https:\/\/www.anjagrupp.cy\/sv\/wp-json\/wp\/v2\/comments?post=735"}],"version-history":[{"count":2,"href":"https:\/\/www.anjagrupp.cy\/sv\/wp-json\/wp\/v2\/pages\/735\/revisions"}],"predecessor-version":[{"id":791,"href":"https:\/\/www.anjagrupp.cy\/sv\/wp-json\/wp\/v2\/pages\/735\/revisions\/791"}],"wp:attachment":[{"href":"https:\/\/www.anjagrupp.cy\/sv\/wp-json\/wp\/v2\/media?parent=735"}],"curies":[{"name":"wp","href":"https:\/\/api.w.org\/{rel}","templated":true}]}}