{"id":737,"date":"2025-03-11T17:21:06","date_gmt":"2025-03-11T14:21:06","guid":{"rendered":"https:\/\/www.anjagrupp.cy\/var-stylist\/"},"modified":"2025-03-11T17:21:08","modified_gmt":"2025-03-11T14:21:08","slug":"var-stylist","status":"publish","type":"page","link":"https:\/\/www.anjagrupp.cy\/sv\/var-stylist\/","title":{"rendered":"V\u00e5r stylist"},"content":{"rendered":"<div class=\"wpb-content-wrapper\">\t\t<div data-elementor-type=\"wp-page\" data-elementor-id=\"737\" class=\"elementor elementor-737 elementor-193\">\n\t\t\t\t\t\t<section class=\"elementor-section elementor-top-section elementor-element elementor-element-48e5f3e elementor-section-boxed elementor-section-height-default elementor-section-height-default parallax_section_no qode_elementor_container_no\" data-id=\"48e5f3e\" data-element_type=\"section\" data-e-type=\"section\">\n\t\t\t\t\t\t<div class=\"elementor-container elementor-column-gap-default\">\n\t\t\t\t\t<div class=\"elementor-column elementor-col-100 elementor-top-column elementor-element elementor-element-621869ef\" data-id=\"621869ef\" data-element_type=\"column\" data-e-type=\"column\">\n\t\t\t<div class=\"elementor-widget-wrap elementor-element-populated\">\n\t\t\t\t\t\t<div class=\"elementor-element elementor-element-4b4441af elementor-widget elementor-widget-text-editor\" data-id=\"4b4441af\" data-element_type=\"widget\" data-e-type=\"widget\" data-widget_type=\"text-editor.default\">\n\t\t\t\t<div class=\"elementor-widget-container\">\n\t\t\t\t\t\t\t\t\t<p>[vc_row css_animation=&#8221;&#8221; row_type=&#8221;row&#8221; use_row_as_full_screen_section=&#8221;no&#8221; type=&#8221;full_width&#8221; angled_section=&#8221;no&#8221; text_align=&#8221;left&#8221; background_image_as_pattern=&#8221;without_pattern&#8221;][vc_column][qode_elements_holder number_of_columns=&#8221;two_columns&#8221;][qode_elements_holder_item background_image=&#8221;262&#8243; advanced_animations=&#8221;no&#8221; item_padding_600_768=&#8221;35% 0px&#8221; item_padding_480_600=&#8221;60% 0px&#8221; item_padding_480=&#8221;60% 0px&#8221;][\/qode_elements_holder_item][qode_elements_holder_item background_color=&#8221;#111111&#8243; item_padding=&#8221;170px 27% 187px 17%&#8221; advanced_animations=&#8221;no&#8221; item_padding_1280_1440=&#8221;120px 13% 137px 12%&#8221; item_padding_1024_1280=&#8221;120px 11% 137px 10%&#8221; item_padding_768_1024=&#8221;70px 3% 75px 8%&#8221; item_padding_600_768=&#8221;100px 20% 117px 12%&#8221; item_padding_480_600=&#8221;60px 5% 70px 7%&#8221; item_padding_480=&#8221;60px 5% 70px 7%&#8221;][vc_single_image image=&#8221;213&#8243; img_size=&#8221;full&#8221; qode_css_animation=&#8221;&#8221;][vc_empty_space height=&#8221;13px&#8221;][vc_column_text]<\/p>\n<h2 style=\"color: white;\">Anja Grupp<\/h2>\n<p>[\/vc_column_text][vc_empty_space height=&#8221;21px&#8221;][vc_column_text]Jag \u00e4lskar att ha med m\u00e4nniskor att g\u00f6ra. Kreativitet \u00e4r min styrka b\u00e5de professionellt och privat. Gift med Michael. Sedan maj 2021 \u00e4r Cypern centrum f\u00f6r v\u00e5rt liv.[\/vc_column_text][vc_empty_space height=&#8221;27px&#8221;]<span class='q_social_icon_holder circle_social' data-color=#ffffff data-hover-background-color=#ffe500 data-hover-border-color=#ffe500 data-hover-color=#000000><a itemprop='url' href='https:\/\/www.facebook.com\/Hair-Beauty-by-Anja-Grupp-134874342084555' target='_blank'><span class='fa-stack ' style='background-color: rgba(255,255,255,0.01);border-color: #ffffff;border-width: 2px;font-size: 16px;'><span aria-hidden=\"true\" class=\"qode_icon_font_elegant social_facebook \" style=\"color: #ffffff;font-size: 12px;\" ><\/span><\/span><\/a><\/span><span class='q_social_icon_holder circle_social' data-color=#ffffff data-hover-background-color=#ffe500 data-hover-border-color=#ffe500 data-hover-color=#000000><a itemprop='url' href='https:\/\/www.instagram.com\/anjagrupphairdresser\/' target='_blank'><span class='fa-stack ' style='background-color: rgba(255,255,255,0.01);border-color: #ffffff;border-width: 2px;font-size: 16px;'><i class=\"qode_icon_font_awesome fa fa-instagram \" style=\"color: #ffffff;font-size: 12px;\" ><\/i><\/span><\/a><\/span>[\/qode_elements_holder_item][\/qode_elements_holder][qode_elements_holder number_of_columns=&#8221;two_columns&#8221;][qode_elements_holder_item background_color=&#8221;#000000&#8243; item_padding=&#8221;170px 17% 187px 27%&#8221; horizontal_alignment=&#8221;right&#8221; advanced_animations=&#8221;no&#8221; item_padding_1280_1440=&#8221;120px 12% 137px 13%&#8221; item_padding_1024_1280=&#8221;120px 10% 137px 11%&#8221; item_padding_768_1024=&#8221;70px 8% 75px 3%&#8221; item_padding_600_768=&#8221;100px 12% 117px 20%&#8221; item_padding_480_600=&#8221;60px 7% 70px 5%&#8221; item_padding_480=&#8221;60px 7% 70px 5%&#8221;][vc_single_image image=&#8221;213&#8243; img_size=&#8221;full&#8221; alignment=&#8221;right&#8221; qode_css_animation=&#8221;&#8221;][vc_empty_space height=&#8221;13px&#8221;][vc_column_text]<\/p>\n<h2 style=\"color: white;\">Michael Schelhaas<\/h2>\n<p>[\/vc_column_text][vc_empty_space height=&#8221;21px&#8221;][vc_column_text]<\/p>\n<p>Tillsammans \u00e4r vi starka! V\u00e4nlighet och kompetens, det \u00e4r mina styrkor. Kundv\u00e5rd och organisationen kring v\u00e5r salong \u00e4r mitt ansvarsomr\u00e5de. Att bo och arbeta tillsammans p\u00e5 \u00f6n \u00e4r den st\u00f6rsta g\u00e5van.<\/p>\n<p>[\/vc_column_text][\/qode_elements_holder_item][qode_elements_holder_item background_image=&#8221;268&#8243; advanced_animations=&#8221;no&#8221; item_padding_600_768=&#8221;35% 0px&#8221; item_padding_480_600=&#8221;60% 0px&#8221; item_padding_480=&#8221;60% 0px&#8221;][\/qode_elements_holder_item][\/qode_elements_holder][qode_elements_holder number_of_columns=&#8221;two_columns&#8221;][qode_elements_holder_item background_image=&#8221;268&#8243; advanced_animations=&#8221;no&#8221; item_padding_600_768=&#8221;35% 0px&#8221; item_padding_480_600=&#8221;60% 0px&#8221; item_padding_480=&#8221;60% 0px&#8221;][\/qode_elements_holder_item][\/vc_row]<\/p>\n\t\t\t\t\t\t\t\t<\/div>\n\t\t\t\t<\/div>\n\t\t\t\t\t<\/div>\n\t\t<\/div>\n\t\t\t\t\t<\/div>\n\t\t<\/section>\n\t\t\t\t<\/div>\n\t\t<\/div>","protected":false},"excerpt":{"rendered":"<p>[vc_row css_animation=&#8221;&#8221; row_type=&#8221;row&#8221; use_row_as_full_screen_section=&#8221;no&#8221; type=&#8221;full_width&#8221; angled_section=&#8221;no&#8221; text_align=&#8221;left&#8221; background_image_as_pattern=&#8221;without_pattern&#8221;][vc_column][qode_elements_holder number_of_columns=&#8221;two_columns&#8221;][qode_elements_holder_item background_image=&#8221;262&#8243; advanced_animations=&#8221;no&#8221; item_padding_600_768=&#8221;35% 0px&#8221; item_padding_480_600=&#8221;60% 0px&#8221; item_padding_480=&#8221;60% 0px&#8221;][\/qode_elements_holder_item][qode_elements_holder_item background_color=&#8221;#111111&#8243; item_padding=&#8221;170px 27% 187px 17%&#8221; advanced_animations=&#8221;no&#8221; item_padding_1280_1440=&#8221;120px 13% 137px 12%&#8221; item_padding_1024_1280=&#8221;120px 11% 137px 10%&#8221; item_padding_768_1024=&#8221;70px 3% 75px 8%&#8221; item_padding_600_768=&#8221;100px 20% 117px 12%&#8221; item_padding_480_600=&#8221;60px 5% 70px 7%&#8221; item_padding_480=&#8221;60px 5%&#8230;<\/p>\n","protected":false},"author":1,"featured_media":0,"parent":0,"menu_order":0,"comment_status":"closed","ping_status":"closed","template":"full_width.php","meta":{"footnotes":""},"class_list":["post-737","page","type-page","status-publish","hentry"],"_links":{"self":[{"href":"https:\/\/www.anjagrupp.cy\/sv\/wp-json\/wp\/v2\/pages\/737","targetHints":{"allow":["GET"]}}],"collection":[{"href":"https:\/\/www.anjagrupp.cy\/sv\/wp-json\/wp\/v2\/pages"}],"about":[{"href":"https:\/\/www.anjagrupp.cy\/sv\/wp-json\/wp\/v2\/types\/page"}],"author":[{"embeddable":true,"href":"https:\/\/www.anjagrupp.cy\/sv\/wp-json\/wp\/v2\/users\/1"}],"replies":[{"embeddable":true,"href":"https:\/\/www.anjagrupp.cy\/sv\/wp-json\/wp\/v2\/comments?post=737"}],"version-history":[{"count":4,"href":"https:\/\/www.anjagrupp.cy\/sv\/wp-json\/wp\/v2\/pages\/737\/revisions"}],"predecessor-version":[{"id":741,"href":"https:\/\/www.anjagrupp.cy\/sv\/wp-json\/wp\/v2\/pages\/737\/revisions\/741"}],"wp:attachment":[{"href":"https:\/\/www.anjagrupp.cy\/sv\/wp-json\/wp\/v2\/media?parent=737"}],"curies":[{"name":"wp","href":"https:\/\/api.w.org\/{rel}","templated":true}]}}