{"id":742,"date":"2025-03-11T17:29:15","date_gmt":"2025-03-11T14:29:15","guid":{"rendered":"https:\/\/www.anjagrupp.cy\/vara-priser\/"},"modified":"2025-03-16T13:15:50","modified_gmt":"2025-03-16T10:15:50","slug":"vara-priser","status":"publish","type":"page","link":"https:\/\/www.anjagrupp.cy\/sv\/vara-priser\/","title":{"rendered":"V\u00e5ra priser"},"content":{"rendered":"<div class=\"wpb-content-wrapper\">\t\t<div data-elementor-type=\"wp-page\" data-elementor-id=\"742\" class=\"elementor elementor-742 elementor-163\">\n\t\t\t\t\t\t<section class=\"elementor-section elementor-top-section elementor-element elementor-element-17d0efc4 elementor-section-boxed elementor-section-height-default elementor-section-height-default parallax_section_no qode_elementor_container_no\" data-id=\"17d0efc4\" data-element_type=\"section\" data-e-type=\"section\">\n\t\t\t\t\t\t<div class=\"elementor-container elementor-column-gap-default\">\n\t\t\t\t\t<div class=\"elementor-column elementor-col-100 elementor-top-column elementor-element elementor-element-74daa572\" data-id=\"74daa572\" data-element_type=\"column\" data-e-type=\"column\">\n\t\t\t<div class=\"elementor-widget-wrap elementor-element-populated\">\n\t\t\t\t\t\t<div class=\"elementor-element elementor-element-5177b763 elementor-widget elementor-widget-text-editor\" data-id=\"5177b763\" data-element_type=\"widget\" data-e-type=\"widget\" data-widget_type=\"text-editor.default\">\n\t\t\t\t<div class=\"elementor-widget-container\">\n\t\t\t\t\t\t\t\t\t<p>[vc_row css_animation=&#8221;&#8221; row_type=&#8221;row&#8221; use_row_as_full_screen_section=&#8221;no&#8221; type=&#8221;grid&#8221; angled_section=&#8221;no&#8221; text_align=&#8221;left&#8221; background_image_as_pattern=&#8221;without_pattern&#8221; css=&#8221;.vc_custom_1510673688512{padding-top: 110px !important;padding-bottom: 11px !important;}&#8221; z_index=&#8221;&#8221;][vc_column offset=&#8221;vc_col-md-6&#8243; css=&#8221;.vc_custom_1510673223257{padding-right: 5% !important;}&#8221;][vc_separator type=&#8221;normal&#8221; color=&#8221;#000000&#8243; thickness=&#8221;3&#8243; down=&#8221;10&#8243;][vc_row_inner row_type=&#8221;row&#8221; type=&#8221;full_width&#8221; text_align=&#8221;right&#8221; css_animation=&#8221;&#8221;][vc_column_inner width=&#8221;1\/2&#8243;][vc_column_text]<\/p><h2 style=\"text-align: left;\">Damer, klippning:<\/h2><p>[\/vc_column_text][\/vc_column_inner][vc_column_inner width=&#8221;1\/2&#8243; css=&#8221;.vc_custom_1510672359863{margin-top: 5px !important;}&#8221;]\n\n\t<a href=\"#\" target=\"_self\" style=\"color: #000000;font-size: 13px;font-weight: 600\" class=\"qode-btn qode-btn-medium qode-btn-simple qode-btn-custom-hover-color qode-btn-icon qode-btn-default-hover\" data-hover-color=\"#777777\" >\n\t    <span class=\"qode-btn-text\"><\/span><span class=\"qode-button-v2-icon-holder\"  ><i class=\"qodef-icon-dripicons dripicon dripicons-arrow-thin-right qode-button-v2-icon-holder-inner\" ><\/i><\/span>\t<\/a>\n\n[\/vc_column_inner][\/vc_row_inner][vc_separator type=&#8221;normal&#8221; color=&#8221;#000000&#8243; thickness=&#8221;3&#8243; up=&#8221;10&#8243;]<div class=\"qode-advanced-pricing-list\">\n\t<div class=\"qode-apl-header\">\n\t\t<div class=\"qode-apl-title-holder\">\n\t\t\t<h2 class=\"qode-apl-title\" >\n\t\t\t\t\t\t\t<\/h2>\n\t\t<\/div>\n\t<\/div>\n\t<div class=\"qode-apl-items\">\n\t\t\t\t\t\t<div class=\"qode-apl-item\">\n\t\t\t\t\t<div class=\"qode-apl-item-top\">\n\t\t\t\t\t\t<h3 class=\"qode-apl-item-title\" >\n\t\t\t\t\t\t\tKlippning och f\u00f6ning\t\t\t\t\t\t<\/h3>\n\t\t\t\t\t\t<div class=\"qode-apl-line\" style=\"border-style:solid\"><\/div>\n\t\t\t\t\t\t<h3 class=\"qode-apl-item-price\" >\n\t\t\t\t\t\t\t43 \u20ac\t\t\t\t\t\t<\/h3>\n\t\t\t\t\t<\/div>\n\t\t\t\t\t\t\t\t\t<\/div>\n\t\t\t\t\t\t\t<div class=\"qode-apl-item\">\n\t\t\t\t\t<div class=\"qode-apl-item-top\">\n\t\t\t\t\t\t<h3 class=\"qode-apl-item-title\" >\n\t\t\t\t\t\t\tKlippning och f\u00f6ning\t\t\t\t\t\t<\/h3>\n\t\t\t\t\t\t<div class=\"qode-apl-line\" style=\"border-style:solid\"><\/div>\n\t\t\t\t\t\t<h3 class=\"qode-apl-item-price\" >\n\t\t\t\t\t\t\t55 \u20ac\t\t\t\t\t\t<\/h3>\n\t\t\t\t\t<\/div>\n\t\t\t\t\t\t\t\t\t\t\t<div class=\"qode-apl-item-bottom\">\n\t\t\t\t\t\t\t<div class=\"qode-apl-item-description\" >\n\t\t\t\t\t\t\t\t(nyklippt och l\u00e5ngt h\u00e5r)\t\t\t\t\t\t\t<\/div>\n\t\t\t\t\t\t<\/div>\n\t\t\t\t\t\t\t\t\t<\/div>\n\t\t\t\t\t\t\t<div class=\"qode-apl-item\">\n\t\t\t\t\t<div class=\"qode-apl-item-top\">\n\t\t\t\t\t\t<h3 class=\"qode-apl-item-title\" >\n\t\t\t\t\t\t\tTorr eller v\u00e5t klippning\t\t\t\t\t\t<\/h3>\n\t\t\t\t\t\t<div class=\"qode-apl-line\" style=\"border-style:solid\"><\/div>\n\t\t\t\t\t\t<h3 class=\"qode-apl-item-price\" >\n\t\t\t\t\t\t\t30 \u20ac\t\t\t\t\t\t<\/h3>\n\t\t\t\t\t<\/div>\n\t\t\t\t\t\t\t\t\t<\/div>\n\t\t\t\t\t\t\t<div class=\"qode-apl-item\">\n\t\t\t\t\t<div class=\"qode-apl-item-top\">\n\t\t\t\t\t\t<h3 class=\"qode-apl-item-title\" >\n\t\t\t\t\t\t\tTorr underh\u00e5llsklippning f\u00f6r l\u00e5ngt h\u00e5r\t\t\t\t\t\t<\/h3>\n\t\t\t\t\t\t<div class=\"qode-apl-line\" style=\"border-style:solid\"><\/div>\n\t\t\t\t\t\t<h3 class=\"qode-apl-item-price\" >\n\t\t\t\t\t\t\t35 \u20ac\t\t\t\t\t\t<\/h3>\n\t\t\t\t\t<\/div>\n\t\t\t\t\t\t\t\t\t<\/div>\n\t\t\t\t<\/div>\n<\/div>[vc_empty_space height=&#8221;60px&#8221;][\/vc_column][vc_column offset=&#8221;vc_col-md-6&#8243; css=&#8221;.vc_custom_1510673315985{padding-right: 5% !important;}&#8221;][vc_separator type=&#8221;normal&#8221; color=&#8221;#000000&#8243; thickness=&#8221;3&#8243; down=&#8221;10&#8243;][vc_row_inner row_type=&#8221;row&#8221; type=&#8221;full_width&#8221; text_align=&#8221;right&#8221; css_animation=&#8221;&#8221;][vc_column_inner width=&#8221;1\/2&#8243;][vc_column_text]<\/p><h2 style=\"text-align: left;\">M\u00e4n, klippning:<\/h2><p>[\/vc_column_text][\/vc_column_inner][vc_column_inner width=&#8221;1\/2&#8243; css=&#8221;.vc_custom_1510672359863{margin-top: 5px !important;}&#8221;]\n\n\t<a href=\"#\" target=\"_self\" style=\"color: #000000;font-size: 13px;font-weight: 600\" class=\"qode-btn qode-btn-medium qode-btn-simple qode-btn-custom-hover-color qode-btn-icon qode-btn-default-hover\" data-hover-color=\"#777777\" >\n\t    <span class=\"qode-btn-text\"><\/span><span class=\"qode-button-v2-icon-holder\"  ><i class=\"qodef-icon-dripicons dripicon dripicons-arrow-thin-right qode-button-v2-icon-holder-inner\" ><\/i><\/span>\t<\/a>\n\n[\/vc_column_inner][\/vc_row_inner][vc_separator type=&#8221;normal&#8221; color=&#8221;#000000&#8243; thickness=&#8221;3&#8243; up=&#8221;10&#8243;]<div class=\"qode-advanced-pricing-list\">\n\t<div class=\"qode-apl-header\">\n\t\t<div class=\"qode-apl-title-holder\">\n\t\t\t<h2 class=\"qode-apl-title\" >\n\t\t\t\t\t\t\t<\/h2>\n\t\t<\/div>\n\t<\/div>\n\t<div class=\"qode-apl-items\">\n\t\t\t\t\t\t<div class=\"qode-apl-item\">\n\t\t\t\t\t<div class=\"qode-apl-item-top\">\n\t\t\t\t\t\t<h3 class=\"qode-apl-item-title\" >\n\t\t\t\t\t\t\tKlippning\t\t\t\t\t\t<\/h3>\n\t\t\t\t\t\t<div class=\"qode-apl-line\" style=\"border-style:solid\"><\/div>\n\t\t\t\t\t\t<h3 class=\"qode-apl-item-price\" >\n\t\t\t\t\t\t\t20 \u20ac\t\t\t\t\t\t<\/h3>\n\t\t\t\t\t<\/div>\n\t\t\t\t\t\t\t\t\t<\/div>\n\t\t\t\t<\/div>\n<\/div>[vc_empty_space height=&#8221;60px&#8221;][\/vc_column][\/vc_row][vc_row css_animation=&#8221;&#8221; row_type=&#8221;row&#8221; use_row_as_full_screen_section=&#8221;no&#8221; type=&#8221;grid&#8221; angled_section=&#8221;no&#8221; text_align=&#8221;left&#8221; background_image_as_pattern=&#8221;without_pattern&#8221; css=&#8221;.vc_custom_1510673827719{padding-bottom: 50px !important;}&#8221; z_index=&#8221;&#8221;][vc_column offset=&#8221;vc_col-md-6&#8243; css=&#8221;.vc_custom_1510673327572{padding-right: 5% !important;}&#8221;][vc_separator type=&#8221;normal&#8221; color=&#8221;#000000&#8243; thickness=&#8221;3&#8243; down=&#8221;10&#8243;][vc_row_inner row_type=&#8221;row&#8221; type=&#8221;full_width&#8221; text_align=&#8221;right&#8221; css_animation=&#8221;&#8221;][vc_column_inner width=&#8221;1\/2&#8243;][vc_column_text]<\/p><h2 style=\"text-align: left;\">Barn:<\/h2><p>[\/vc_column_text][\/vc_column_inner][vc_column_inner width=&#8221;1\/2&#8243; css=&#8221;.vc_custom_1510672359863{margin-top: 5px !important;}&#8221;]\n\n\t<a href=\"#\" target=\"_self\" style=\"color: #000000;font-size: 13px;font-weight: 600\" class=\"qode-btn qode-btn-medium qode-btn-simple qode-btn-custom-hover-color qode-btn-icon qode-btn-default-hover\" data-hover-color=\"#777777\" >\n\t    <span class=\"qode-btn-text\"><\/span><span class=\"qode-button-v2-icon-holder\"  ><i class=\"qodef-icon-dripicons dripicon dripicons-arrow-thin-right qode-button-v2-icon-holder-inner\" ><\/i><\/span>\t<\/a>\n\n[\/vc_column_inner][\/vc_row_inner][vc_separator type=&#8221;normal&#8221; color=&#8221;#000000&#8243; thickness=&#8221;3&#8243; up=&#8221;10&#8243;]<div class=\"qode-advanced-pricing-list\">\n\t<div class=\"qode-apl-header\">\n\t\t<div class=\"qode-apl-title-holder\">\n\t\t\t<h2 class=\"qode-apl-title\" >\n\t\t\t\t\t\t\t<\/h2>\n\t\t<\/div>\n\t<\/div>\n\t<div class=\"qode-apl-items\">\n\t\t\t\t\t\t<div class=\"qode-apl-item\">\n\t\t\t\t\t<div class=\"qode-apl-item-top\">\n\t\t\t\t\t\t<h3 class=\"qode-apl-item-title\" >\n\t\t\t\t\t\t\tBarn upp till 15 \u00e5r\t\t\t\t\t\t<\/h3>\n\t\t\t\t\t\t<div class=\"qode-apl-line\" style=\"border-style:solid\"><\/div>\n\t\t\t\t\t\t<h3 class=\"qode-apl-item-price\" >\n\t\t\t\t\t\t\t20 \u20ac\t\t\t\t\t\t<\/h3>\n\t\t\t\t\t<\/div>\n\t\t\t\t\t\t\t\t\t<\/div>\n\t\t\t\t\t\t\t<div class=\"qode-apl-item\">\n\t\t\t\t\t<div class=\"qode-apl-item-top\">\n\t\t\t\t\t\t<h3 class=\"qode-apl-item-title\" >\n\t\t\t\t\t\t\tBarn upp till 10 \u00e5r\t\t\t\t\t\t<\/h3>\n\t\t\t\t\t\t<div class=\"qode-apl-line\" style=\"border-style:solid\"><\/div>\n\t\t\t\t\t\t<h3 class=\"qode-apl-item-price\" >\n\t\t\t\t\t\t\t10 \u20ac\t\t\t\t\t\t<\/h3>\n\t\t\t\t\t<\/div>\n\t\t\t\t\t\t\t\t\t<\/div>\n\t\t\t\t<\/div>\n<\/div>[\/vc_column][vc_column offset=&#8221;vc_col-md-6&#8243; css=&#8221;.vc_custom_1510673333129{padding-right: 5% !important;}&#8221;][vc_separator type=&#8221;normal&#8221; color=&#8221;#000000&#8243; thickness=&#8221;3&#8243; down=&#8221;10&#8243;][vc_row_inner row_type=&#8221;row&#8221; type=&#8221;full_width&#8221; text_align=&#8221;right&#8221; css_animation=&#8221;&#8221;][vc_column_inner width=&#8221;1\/2&#8243;][vc_column_text]<\/p><h2 style=\"text-align: left;\">F\u00f6ning &amp; styling:<\/h2><p>[\/vc_column_text][\/vc_column_inner][vc_column_inner width=&#8221;1\/2&#8243; css=&#8221;.vc_custom_1510672359863{margin-top: 5px !important;}&#8221;]\n\n\t<a href=\"#\" target=\"_self\" style=\"color: #000000;font-size: 13px;font-weight: 600\" class=\"qode-btn qode-btn-medium qode-btn-simple qode-btn-custom-hover-color qode-btn-icon qode-btn-default-hover\" data-hover-color=\"#777777\" >\n\t    <span class=\"qode-btn-text\"><\/span><span class=\"qode-button-v2-icon-holder\"  ><i class=\"qodef-icon-dripicons dripicon dripicons-arrow-thin-right qode-button-v2-icon-holder-inner\" ><\/i><\/span>\t<\/a>\n\n[\/vc_column_inner][\/vc_row_inner][vc_separator type=&#8221;normal&#8221; color=&#8221;#000000&#8243; thickness=&#8221;3&#8243; up=&#8221;10&#8243;]<div class=\"qode-advanced-pricing-list\">\n\t<div class=\"qode-apl-header\">\n\t\t<div class=\"qode-apl-title-holder\">\n\t\t\t<h2 class=\"qode-apl-title\" >\n\t\t\t\t\t\t\t<\/h2>\n\t\t<\/div>\n\t<\/div>\n\t<div class=\"qode-apl-items\">\n\t\t\t\t\t\t<div class=\"qode-apl-item\">\n\t\t\t\t\t<div class=\"qode-apl-item-top\">\n\t\t\t\t\t\t<h3 class=\"qode-apl-item-title\" >\n\t\t\t\t\t\t\tKort h\u00e5r\t\t\t\t\t\t<\/h3>\n\t\t\t\t\t\t<div class=\"qode-apl-line\" style=\"border-style:solid\"><\/div>\n\t\t\t\t\t\t<h3 class=\"qode-apl-item-price\" >\n\t\t\t\t\t\t\t25 \u20ac\t\t\t\t\t\t<\/h3>\n\t\t\t\t\t<\/div>\n\t\t\t\t\t\t\t\t\t<\/div>\n\t\t\t\t\t\t\t<div class=\"qode-apl-item\">\n\t\t\t\t\t<div class=\"qode-apl-item-top\">\n\t\t\t\t\t\t<h3 class=\"qode-apl-item-title\" >\n\t\t\t\t\t\t\tMellanl\u00e5ngt h\u00e5r\t\t\t\t\t\t<\/h3>\n\t\t\t\t\t\t<div class=\"qode-apl-line\" style=\"border-style:solid\"><\/div>\n\t\t\t\t\t\t<h3 class=\"qode-apl-item-price\" >\n\t\t\t\t\t\t\t35 \u20ac\t\t\t\t\t\t<\/h3>\n\t\t\t\t\t<\/div>\n\t\t\t\t\t\t\t\t\t<\/div>\n\t\t\t\t\t\t\t<div class=\"qode-apl-item\">\n\t\t\t\t\t<div class=\"qode-apl-item-top\">\n\t\t\t\t\t\t<h3 class=\"qode-apl-item-title\" >\n\t\t\t\t\t\t\tSpecia och l\u00e5ngt h\u00e5r\t\t\t\t\t\t<\/h3>\n\t\t\t\t\t\t<div class=\"qode-apl-line\" style=\"border-style:solid\"><\/div>\n\t\t\t\t\t\t<h3 class=\"qode-apl-item-price\" >\n\t\t\t\t\t\t\t\t\t\t\t\t\t<\/h3>\n\t\t\t\t\t<\/div>\n\t\t\t\t\t\t\t\t\t\t\t<div class=\"qode-apl-item-bottom\">\n\t\t\t\t\t\t\t<div class=\"qode-apl-item-description\" >\n\t\t\t\t\t\t\t\tFakturering enligt arbetsinsats\t\t\t\t\t\t\t<\/div>\n\t\t\t\t\t\t<\/div>\n\t\t\t\t\t\t\t\t\t<\/div>\n\t\t\t\t<\/div>\n<\/div><p>[\/vc_column][\/vc_row][vc_row css_animation=&#8221;&#8221; row_type=&#8221;row&#8221; use_row_as_full_screen_section=&#8221;no&#8221; type=&#8221;grid&#8221; angled_section=&#8221;no&#8221; text_align=&#8221;left&#8221; background_image_as_pattern=&#8221;without_pattern&#8221; css=&#8221;.vc_custom_1510673827719{padding-bottom: 50px !important;}&#8221; z_index=&#8221;&#8221;][vc_column offset=&#8221;vc_col-md-6&#8243; css=&#8221;.vc_custom_1510673327572{padding-right: 5% !important;}&#8221;][vc_separator type=&#8221;normal&#8221; color=&#8221;#000000&#8243; thickness=&#8221;3&#8243; down=&#8221;10&#8243;][vc_row_inner row_type=&#8221;row&#8221; type=&#8221;full_width&#8221; text_align=&#8221;right&#8221; css_animation=&#8221;&#8221;][vc_column_inner width=&#8221;1\/2&#8243;][vc_column_text]<\/p><h2 style=\"text-align: left;\">F\u00e4rgning:<\/h2><p>[\/vc_column_text][\/vc_column_inner][vc_column_inner width=&#8221;1\/2&#8243; css=&#8221;.vc_custom_1510672359863{margin-top: 5px !important;}&#8221;]\n\n\t<a href=\"#\" target=\"_self\" style=\"color: #000000;font-size: 13px;font-weight: 600\" class=\"qode-btn qode-btn-medium qode-btn-simple qode-btn-custom-hover-color qode-btn-icon qode-btn-default-hover\" data-hover-color=\"#777777\" >\n\t    <span class=\"qode-btn-text\"><\/span><span class=\"qode-button-v2-icon-holder\"  ><i class=\"qodef-icon-dripicons dripicon dripicons-arrow-thin-right qode-button-v2-icon-holder-inner\" ><\/i><\/span>\t<\/a>\n\n[\/vc_column_inner][\/vc_row_inner][vc_separator type=&#8221;normal&#8221; color=&#8221;#000000&#8243; thickness=&#8221;3&#8243; up=&#8221;10&#8243;]<div class=\"qode-advanced-pricing-list\">\n\t<div class=\"qode-apl-header\">\n\t\t<div class=\"qode-apl-title-holder\">\n\t\t\t<h2 class=\"qode-apl-title\" >\n\t\t\t\t\t\t\t<\/h2>\n\t\t<\/div>\n\t<\/div>\n\t<div class=\"qode-apl-items\">\n\t\t\t\t\t\t<div class=\"qode-apl-item\">\n\t\t\t\t\t<div class=\"qode-apl-item-top\">\n\t\t\t\t\t\t<h3 class=\"qode-apl-item-title\" >\n\t\t\t\t\t\t\tTeint F\u00e4rga och fr\u00e4scha upp r\u00f6tterna\t\t\t\t\t\t<\/h3>\n\t\t\t\t\t\t<div class=\"qode-apl-line\" style=\"border-style:solid\"><\/div>\n\t\t\t\t\t\t<h3 class=\"qode-apl-item-price\" >\n\t\t\t\t\t\t\t35 \u20ac\t\t\t\t\t\t<\/h3>\n\t\t\t\t\t<\/div>\n\t\t\t\t\t\t\t\t\t<\/div>\n\t\t\t\t\t\t\t<div class=\"qode-apl-item\">\n\t\t\t\t\t<div class=\"qode-apl-item-top\">\n\t\t\t\t\t\t<h3 class=\"qode-apl-item-title\" >\n\t\t\t\t\t\t\tHela huvudet\t\t\t\t\t\t<\/h3>\n\t\t\t\t\t\t<div class=\"qode-apl-line\" style=\"border-style:solid\"><\/div>\n\t\t\t\t\t\t<h3 class=\"qode-apl-item-price\" >\n\t\t\t\t\t\t\t45 \u20ac\t\t\t\t\t\t<\/h3>\n\t\t\t\t\t<\/div>\n\t\t\t\t\t\t\t\t\t<\/div>\n\t\t\t\t\t\t\t<div class=\"qode-apl-item\">\n\t\t\t\t\t<div class=\"qode-apl-item-top\">\n\t\t\t\t\t\t<h3 class=\"qode-apl-item-title\" >\n\t\t\t\t\t\t\tSpecialf\u00e4rg med highlights\t\t\t\t\t\t<\/h3>\n\t\t\t\t\t\t<div class=\"qode-apl-line\" style=\"border-style:solid\"><\/div>\n\t\t\t\t\t\t<h3 class=\"qode-apl-item-price\" >\n\t\t\t\t\t\t\t60 \u20ac\t\t\t\t\t\t<\/h3>\n\t\t\t\t\t<\/div>\n\t\t\t\t\t\t\t\t\t<\/div>\n\t\t\t\t<\/div>\n<\/div>[\/vc_column][vc_column offset=&#8221;vc_col-md-6&#8243; css=&#8221;.vc_custom_1510673333129{padding-right: 5% !important;}&#8221;][vc_separator type=&#8221;normal&#8221; color=&#8221;#000000&#8243; thickness=&#8221;3&#8243; down=&#8221;10&#8243;][vc_row_inner row_type=&#8221;row&#8221; type=&#8221;full_width&#8221; text_align=&#8221;right&#8221; css_animation=&#8221;&#8221;][vc_column_inner width=&#8221;1\/2&#8243;][vc_column_text]<\/p><h2 style=\"text-align: left;\">H\u00f6jdpunkter:<\/h2><p>[\/vc_column_text][\/vc_column_inner][vc_column_inner width=&#8221;1\/2&#8243; css=&#8221;.vc_custom_1510672359863{margin-top: 5px !important;}&#8221;]\n\n\t<a href=\"#\" target=\"_self\" style=\"color: #000000;font-size: 13px;font-weight: 600\" class=\"qode-btn qode-btn-medium qode-btn-simple qode-btn-custom-hover-color qode-btn-icon qode-btn-default-hover\" data-hover-color=\"#777777\" >\n\t    <span class=\"qode-btn-text\"><\/span><span class=\"qode-button-v2-icon-holder\"  ><i class=\"qodef-icon-dripicons dripicon dripicons-arrow-thin-right qode-button-v2-icon-holder-inner\" ><\/i><\/span>\t<\/a>\n\n[\/vc_column_inner][\/vc_row_inner][vc_separator type=&#8221;normal&#8221; color=&#8221;#000000&#8243; thickness=&#8221;3&#8243; up=&#8221;10&#8243;]<div class=\"qode-advanced-pricing-list\">\n\t<div class=\"qode-apl-header\">\n\t\t<div class=\"qode-apl-title-holder\">\n\t\t\t<h2 class=\"qode-apl-title\" >\n\t\t\t\t\t\t\t<\/h2>\n\t\t<\/div>\n\t<\/div>\n\t<div class=\"qode-apl-items\">\n\t\t\t\t\t\t<div class=\"qode-apl-item\">\n\t\t\t\t\t<div class=\"qode-apl-item-top\">\n\t\t\t\t\t\t<h3 class=\"qode-apl-item-title\" >\n\t\t\t\t\t\t\tHalva huvudet\t\t\t\t\t\t<\/h3>\n\t\t\t\t\t\t<div class=\"qode-apl-line\" style=\"border-style:solid\"><\/div>\n\t\t\t\t\t\t<h3 class=\"qode-apl-item-price\" >\n\t\t\t\t\t\t\t40 \u20ac\t\t\t\t\t\t<\/h3>\n\t\t\t\t\t<\/div>\n\t\t\t\t\t\t\t\t\t<\/div>\n\t\t\t\t\t\t\t<div class=\"qode-apl-item\">\n\t\t\t\t\t<div class=\"qode-apl-item-top\">\n\t\t\t\t\t\t<h3 class=\"qode-apl-item-title\" >\n\t\t\t\t\t\t\tHela huvudet\t\t\t\t\t\t<\/h3>\n\t\t\t\t\t\t<div class=\"qode-apl-line\" style=\"border-style:solid\"><\/div>\n\t\t\t\t\t\t<h3 class=\"qode-apl-item-price\" >\n\t\t\t\t\t\t\t65 \u20ac\t\t\t\t\t\t<\/h3>\n\t\t\t\t\t<\/div>\n\t\t\t\t\t\t\t\t\t<\/div>\n\t\t\t\t\t\t\t<div class=\"qode-apl-item\">\n\t\t\t\t\t<div class=\"qode-apl-item-top\">\n\t\t\t\t\t\t<h3 class=\"qode-apl-item-title\" >\n\t\t\t\t\t\t\tSpecialf\u00e4rg\t\t\t\t\t\t<\/h3>\n\t\t\t\t\t\t<div class=\"qode-apl-line\" style=\"border-style:solid\"><\/div>\n\t\t\t\t\t\t<h3 class=\"qode-apl-item-price\" >\n\t\t\t\t\t\t\t80 \u20ac\t\t\t\t\t\t<\/h3>\n\t\t\t\t\t<\/div>\n\t\t\t\t\t\t\t\t\t\t\t<div class=\"qode-apl-item-bottom\">\n\t\t\t\t\t\t\t<div class=\"qode-apl-item-description\" >\n\t\t\t\t\t\t\t\tHela huvudet, 2-3 f\u00e4rger\t\t\t\t\t\t\t<\/div>\n\t\t\t\t\t\t<\/div>\n\t\t\t\t\t\t\t\t\t<\/div>\n\t\t\t\t<\/div>\n<\/div>[\/vc_column][\/vc_row][vc_row css_animation=&#8221;&#8221; row_type=&#8221;row&#8221; use_row_as_full_screen_section=&#8221;no&#8221; type=&#8221;full_width&#8221; angled_section=&#8221;no&#8221; text_align=&#8221;left&#8221; background_image_as_pattern=&#8221;without_pattern&#8221;][vc_column][vc_column_text]<\/p><h3 style=\"text-align: center;\">Priserna kan variera p\u00e5 grund av \u00f6kade tids- och materialkostnader. Vi informerar dig g\u00e4rna om detta f\u00f6re behandlingen.<\/h3><p>[\/vc_column_text][\/vc_column][\/vc_row][vc_row css_animation=&#8221;&#8221; row_type=&#8221;row&#8221; use_row_as_full_screen_section=&#8221;no&#8221; type=&#8221;full_width&#8221; angled_section=&#8221;no&#8221; text_align=&#8221;left&#8221; background_image_as_pattern=&#8221;without_pattern&#8221;][vc_column][vc_empty_space height=&#8221;60px&#8221;][\/vc_column][\/vc_row]<\/p>\t\t\t\t\t\t\t\t<\/div>\n\t\t\t\t<\/div>\n\t\t\t\t\t<\/div>\n\t\t<\/div>\n\t\t\t\t\t<\/div>\n\t\t<\/section>\n\t\t\t\t<\/div>\n\t\t<\/div>","protected":false},"excerpt":{"rendered":"<p>[vc_row css_animation=&#8221;&#8221; row_type=&#8221;row&#8221; use_row_as_full_screen_section=&#8221;no&#8221; type=&#8221;grid&#8221; angled_section=&#8221;no&#8221; text_align=&#8221;left&#8221; background_image_as_pattern=&#8221;without_pattern&#8221; css=&#8221;.vc_custom_1510673688512{padding-top: 110px !important;padding-bottom: 11px !important;}&#8221; z_index=&#8221;&#8221;][vc_column offset=&#8221;vc_col-md-6&#8243; css=&#8221;.vc_custom_1510673223257{padding-right: 5% !important;}&#8221;][vc_separator type=&#8221;normal&#8221; color=&#8221;#000000&#8243; thickness=&#8221;3&#8243; down=&#8221;10&#8243;][vc_row_inner row_type=&#8221;row&#8221; type=&#8221;full_width&#8221; text_align=&#8221;right&#8221; css_animation=&#8221;&#8221;][vc_column_inner width=&#8221;1\/2&#8243;][vc_column_text] Damer, klippning: [\/vc_column_text][\/vc_column_inner][vc_column_inner width=&#8221;1\/2&#8243; css=&#8221;.vc_custom_1510672359863{margin-top: 5px !important;}&#8221;][\/vc_column_inner][\/vc_row_inner][vc_separator type=&#8221;normal&#8221; color=&#8221;#000000&#8243; thickness=&#8221;3&#8243; up=&#8221;10&#8243;][vc_empty_space height=&#8221;60px&#8221;][\/vc_column][vc_column offset=&#8221;vc_col-md-6&#8243; css=&#8221;.vc_custom_1510673315985{padding-right: 5% !important;}&#8221;][vc_separator type=&#8221;normal&#8221; color=&#8221;#000000&#8243;&#8230;<\/p>\n","protected":false},"author":1,"featured_media":0,"parent":0,"menu_order":0,"comment_status":"closed","ping_status":"closed","template":"","meta":{"footnotes":""},"class_list":["post-742","page","type-page","status-publish","hentry"],"_links":{"self":[{"href":"https:\/\/www.anjagrupp.cy\/sv\/wp-json\/wp\/v2\/pages\/742","targetHints":{"allow":["GET"]}}],"collection":[{"href":"https:\/\/www.anjagrupp.cy\/sv\/wp-json\/wp\/v2\/pages"}],"about":[{"href":"https:\/\/www.anjagrupp.cy\/sv\/wp-json\/wp\/v2\/types\/page"}],"author":[{"embeddable":true,"href":"https:\/\/www.anjagrupp.cy\/sv\/wp-json\/wp\/v2\/users\/1"}],"replies":[{"embeddable":true,"href":"https:\/\/www.anjagrupp.cy\/sv\/wp-json\/wp\/v2\/comments?post=742"}],"version-history":[{"count":16,"href":"https:\/\/www.anjagrupp.cy\/sv\/wp-json\/wp\/v2\/pages\/742\/revisions"}],"predecessor-version":[{"id":768,"href":"https:\/\/www.anjagrupp.cy\/sv\/wp-json\/wp\/v2\/pages\/742\/revisions\/768"}],"wp:attachment":[{"href":"https:\/\/www.anjagrupp.cy\/sv\/wp-json\/wp\/v2\/media?parent=742"}],"curies":[{"name":"wp","href":"https:\/\/api.w.org\/{rel}","templated":true}]}}